{"id":1064,"date":"2023-04-26T13:36:42","date_gmt":"2023-04-26T13:36:42","guid":{"rendered":"https:\/\/testomgeving.gedi.nl\/einzelhandelsfachmann\/"},"modified":"2023-07-24T09:18:31","modified_gmt":"2023-07-24T09:18:31","slug":"einzelhandelsfachmann","status":"publish","type":"page","link":"https:\/\/gedi.nl\/de\/einzelhandelsfachmann\/","title":{"rendered":"Einzelhandelsspezialist"},"content":{"rendered":"\t\t<div data-elementor-type=\"wp-page\" data-elementor-id=\"1064\" class=\"elementor elementor-1064 elementor-163\" data-elementor-post-type=\"page\">\n\t\t\t\t<div class=\"elementor-element elementor-element-32b5bca e-flex e-con-boxed e-con e-parent\" data-id=\"32b5bca\" data-element_type=\"container\" data-e-type=\"container\" data-settings=\"{&quot;background_background&quot;:&quot;classic&quot;}\">\n\t\t\t\t\t<div class=\"e-con-inner\">\n\t\t<div class=\"elementor-element elementor-element-5b78041 e-con-full e-flex e-con e-parent\" data-id=\"5b78041\" data-element_type=\"container\" data-e-type=\"container\">\n\t\t\t\t<\/div>\n\t\t\t\t\t<\/div>\n\t\t\t\t<\/div>\n\t\t\t\t<section class=\"elementor-section elementor-top-section elementor-element elementor-element-34b0510 elementor-section-height-min-height elementor-section-content-middle elementor-section-boxed elementor-section-height-default elementor-section-items-middle\" data-id=\"34b0510\" data-element_type=\"section\" data-e-type=\"section\" data-settings=\"{&quot;background_background&quot;:&quot;classic&quot;}\">\n\t\t\t\t\t\t<div class=\"elementor-container elementor-column-gap-no\">\n\t\t\t\t\t<div class=\"elementor-column elementor-col-100 elementor-top-column elementor-element elementor-element-694f1f8\" data-id=\"694f1f8\" data-element_type=\"column\" data-e-type=\"column\">\n\t\t\t<div class=\"elementor-widget-wrap elementor-element-populated\">\n\t\t\t\t\t\t<div class=\"elementor-element elementor-element-f1f1895 elementor-blockquote--skin-clean elementor-blockquote--align-center elementor-widget elementor-widget-blockquote\" data-id=\"f1f1895\" data-element_type=\"widget\" data-e-type=\"widget\" data-widget_type=\"blockquote.default\">\n\t\t\t\t<div class=\"elementor-widget-container\">\n\t\t\t\t\t\t\t<blockquote class=\"elementor-blockquote\">\n\t\t\t<p class=\"elementor-blockquote__content\">\n\t\t\t\tEinzelhandelsspezialist\t\t\t<\/p>\n\t\t\t\t\t<\/blockquote>\n\t\t\t\t\t\t<\/div>\n\t\t\t\t<\/div>\n\t\t\t\t<div class=\"elementor-element elementor-element-0b92803 elementor-widget elementor-widget-heading\" data-id=\"0b92803\" data-element_type=\"widget\" data-e-type=\"widget\" data-widget_type=\"heading.default\">\n\t\t\t\t<div class=\"elementor-widget-container\">\n\t\t\t\t\t<h3 class=\"elementor-heading-title elementor-size-default\">Erfahrene Spezialisten im Einzelhandel<\/h3>\t\t\t\t<\/div>\n\t\t\t\t<\/div>\n\t\t\t\t\t<\/div>\n\t\t<\/div>\n\t\t\t\t\t<\/div>\n\t\t<\/section>\n\t\t\t\t<section class=\"elementor-section elementor-top-section elementor-element elementor-element-27d0d5b9 elementor-section-content-middle elementor-reverse-tablet elementor-reverse-mobile elementor-section-boxed elementor-section-height-default elementor-section-height-default\" data-id=\"27d0d5b9\" data-element_type=\"section\" data-e-type=\"section\">\n\t\t\t\t\t\t<div class=\"elementor-container elementor-column-gap-no\">\n\t\t\t\t\t<div class=\"elementor-column elementor-col-50 elementor-top-column elementor-element elementor-element-5e6925b9\" data-id=\"5e6925b9\" data-element_type=\"column\" data-e-type=\"column\">\n\t\t\t<div class=\"elementor-widget-wrap elementor-element-populated\">\n\t\t\t\t\t\t<div class=\"elementor-element elementor-element-5b28b443 elementor-widget elementor-widget-heading\" data-id=\"5b28b443\" data-element_type=\"widget\" data-e-type=\"widget\" data-widget_type=\"heading.default\">\n\t\t\t\t<div class=\"elementor-widget-container\">\n\t\t\t\t\t<h2 class=\"elementor-heading-title elementor-size-default\">\"Partner mit viel Wissen und Erfahrung\"<\/h2>\t\t\t\t<\/div>\n\t\t\t\t<\/div>\n\t\t\t\t<div class=\"elementor-element elementor-element-5f4130da elementor-widget elementor-widget-text-editor\" data-id=\"5f4130da\" data-element_type=\"widget\" data-e-type=\"widget\" data-widget_type=\"text-editor.default\">\n\t\t\t\t<div class=\"elementor-widget-container\">\n\t\t\t\t\t\t\t\t\t<p>GEDI B.V. ist Ihr Spezialist f\u00fcr den Einzelhandel. Das Unternehmen ist in der Lage, auf alle Bed\u00fcrfnisse des Einzelhandels einzugehen und entsprechende L\u00f6sungen anzubieten. Neben einem optimalen Service bietet Ihnen GEDI B.V. auch Beratung auf Verbraucherebene. Das macht die Organisation nicht nur zu Ihrem Lieferanten, sondern auch zu Ihrem Berater und Partner.<\/p>\n\t\t\t\t\t\t\t\t<\/div>\n\t\t\t\t<\/div>\n\t\t\t\t<div class=\"elementor-element elementor-element-e720dce elementor-widget elementor-widget-heading\" data-id=\"e720dce\" data-element_type=\"widget\" data-e-type=\"widget\" data-widget_type=\"heading.default\">\n\t\t\t\t<div class=\"elementor-widget-container\">\n\t\t\t\t\t<h2 class=\"elementor-heading-title elementor-size-default\">Dienst\n<\/h2>\t\t\t\t<\/div>\n\t\t\t\t<\/div>\n\t\t\t\t<div class=\"elementor-element elementor-element-5586a64 elementor-widget elementor-widget-text-editor\" data-id=\"5586a64\" data-element_type=\"widget\" data-e-type=\"widget\" data-widget_type=\"text-editor.default\">\n\t\t\t\t<div class=\"elementor-widget-container\">\n\t\t\t\t\t\t\t\t\t<div class=\"et_pb_section et_pb_section_1 et_section_regular\">\n<div class=\"et_pb_row et_pb_row_2\">\n<div class=\"et_pb_column et_pb_column_1_2 et_pb_column_3 et_pb_css_mix_blend_mode_passthrough et-last-child\">\n<div class=\"et_pb_module et_pb_text et_pb_text_2 et_pb_text_align_left et_pb_bg_layout_light\">\n<div class=\"et_pb_text_inner\">\n<p>Kurze Bestellzeiten, schnelle Lieferung, optimale Logistikl\u00f6sungen und ein ma\u00dfgeschneidertes Angebot mit dem gew\u00fcnschten Preis-Qualit\u00e4ts-Verh\u00e4ltnis. Au\u00dferdem gibt es Fachleute, die immer f\u00fcr Sie da sind.<\/p>\n<\/p>\n<\/div>\n<\/div>\n<\/div>\n<\/div>\n<\/div>\n<div class=\"et_pb_section et_pb_section_2 et_pb_with_background et_section_regular\">\n<div class=\"et_pb_row et_pb_row_3\">\n<div class=\"et_pb_column et_pb_column_1_2 et_pb_column_4 et_pb_css_mix_blend_mode_passthrough\">\n<div class=\"et_pb_module et_pb_text et_pb_text_3 et_pb_text_align_left et_pb_bg_layout_light\">\n<div class=\"et_pb_text_inner\"> <\/div>\n<\/div>\n<\/div>\n<\/div>\n<\/div>\n\t\t\t\t\t\t\t\t<\/div>\n\t\t\t\t<\/div>\n\t\t\t\t\t<\/div>\n\t\t<\/div>\n\t\t\t\t<div class=\"elementor-column elementor-col-50 elementor-top-column elementor-element elementor-element-6a11ca42\" data-id=\"6a11ca42\" data-element_type=\"column\" data-e-type=\"column\">\n\t\t\t<div class=\"elementor-widget-wrap elementor-element-populated\">\n\t\t\t\t\t\t<div class=\"elementor-element elementor-element-32be4f00 elementor-widget elementor-widget-image\" data-id=\"32be4f00\" data-element_type=\"widget\" data-e-type=\"widget\" data-widget_type=\"image.default\">\n\t\t\t\t<div class=\"elementor-widget-container\">\n\t\t\t\t\t\t\t\t\t\t\t\t\t\t\t<img fetchpriority=\"high\" decoding=\"async\" width=\"2560\" height=\"1709\" src=\"https:\/\/gedi.nl\/wp-content\/uploads\/2023\/04\/florist-2021-08-29-15-19-41-utc-1-scaled.jpg\" class=\"attachment-full size-full wp-image-866\" alt=\"\" srcset=\"https:\/\/gedi.nl\/wp-content\/uploads\/2023\/04\/florist-2021-08-29-15-19-41-utc-1-scaled.jpg 2560w, https:\/\/gedi.nl\/wp-content\/uploads\/2023\/04\/florist-2021-08-29-15-19-41-utc-1-300x200.jpg 300w, https:\/\/gedi.nl\/wp-content\/uploads\/2023\/04\/florist-2021-08-29-15-19-41-utc-1-1024x684.jpg 1024w, https:\/\/gedi.nl\/wp-content\/uploads\/2023\/04\/florist-2021-08-29-15-19-41-utc-1-768x513.jpg 768w, https:\/\/gedi.nl\/wp-content\/uploads\/2023\/04\/florist-2021-08-29-15-19-41-utc-1-1536x1025.jpg 1536w, https:\/\/gedi.nl\/wp-content\/uploads\/2023\/04\/florist-2021-08-29-15-19-41-utc-1-2048x1367.jpg 2048w\" sizes=\"(max-width: 2560px) 100vw, 2560px\" \/>\t\t\t\t\t\t\t\t\t\t\t\t\t\t\t<\/div>\n\t\t\t\t<\/div>\n\t\t\t\t\t<\/div>\n\t\t<\/div>\n\t\t\t\t\t<\/div>\n\t\t<\/section>\n\t\t\t\t<section class=\"elementor-section elementor-top-section elementor-element elementor-element-f9f3f67 elementor-section-content-middle elementor-reverse-tablet elementor-reverse-mobile elementor-section-boxed elementor-section-height-default elementor-section-height-default\" data-id=\"f9f3f67\" data-element_type=\"section\" data-e-type=\"section\" data-settings=\"{&quot;background_background&quot;:&quot;classic&quot;}\">\n\t\t\t\t\t\t<div class=\"elementor-container elementor-column-gap-no\">\n\t\t\t\t\t<div class=\"elementor-column elementor-col-50 elementor-top-column elementor-element elementor-element-93e3257\" data-id=\"93e3257\" data-element_type=\"column\" data-e-type=\"column\">\n\t\t\t<div class=\"elementor-widget-wrap elementor-element-populated\">\n\t\t\t\t\t\t<div class=\"elementor-element elementor-element-60de377 elementor-widget elementor-widget-image\" data-id=\"60de377\" data-element_type=\"widget\" data-e-type=\"widget\" data-widget_type=\"image.default\">\n\t\t\t\t<div class=\"elementor-widget-container\">\n\t\t\t\t\t\t\t\t\t\t\t\t\t\t\t<img decoding=\"async\" width=\"2560\" height=\"1706\" src=\"https:\/\/gedi.nl\/wp-content\/uploads\/2023\/04\/florist-tying-boquet-2021-09-24-03-50-06-utc-1-scaled.jpg\" class=\"attachment-full size-full wp-image-868\" alt=\"\" srcset=\"https:\/\/gedi.nl\/wp-content\/uploads\/2023\/04\/florist-tying-boquet-2021-09-24-03-50-06-utc-1-scaled.jpg 2560w, https:\/\/gedi.nl\/wp-content\/uploads\/2023\/04\/florist-tying-boquet-2021-09-24-03-50-06-utc-1-300x200.jpg 300w, https:\/\/gedi.nl\/wp-content\/uploads\/2023\/04\/florist-tying-boquet-2021-09-24-03-50-06-utc-1-1024x683.jpg 1024w, https:\/\/gedi.nl\/wp-content\/uploads\/2023\/04\/florist-tying-boquet-2021-09-24-03-50-06-utc-1-768x512.jpg 768w, https:\/\/gedi.nl\/wp-content\/uploads\/2023\/04\/florist-tying-boquet-2021-09-24-03-50-06-utc-1-1536x1024.jpg 1536w, https:\/\/gedi.nl\/wp-content\/uploads\/2023\/04\/florist-tying-boquet-2021-09-24-03-50-06-utc-1-2048x1365.jpg 2048w\" sizes=\"(max-width: 2560px) 100vw, 2560px\" \/>\t\t\t\t\t\t\t\t\t\t\t\t\t\t\t<\/div>\n\t\t\t\t<\/div>\n\t\t\t\t\t<\/div>\n\t\t<\/div>\n\t\t\t\t<div class=\"elementor-column elementor-col-50 elementor-top-column elementor-element elementor-element-6d3cd84\" data-id=\"6d3cd84\" data-element_type=\"column\" data-e-type=\"column\">\n\t\t\t<div class=\"elementor-widget-wrap elementor-element-populated\">\n\t\t\t\t\t\t<div class=\"elementor-element elementor-element-9f6b0a1 elementor-widget elementor-widget-heading\" data-id=\"9f6b0a1\" data-element_type=\"widget\" data-e-type=\"widget\" data-widget_type=\"heading.default\">\n\t\t\t\t<div class=\"elementor-widget-container\">\n\t\t\t\t\t<h2 class=\"elementor-heading-title elementor-size-default\">Auf den Einzelhandel abgestimmte Prozesse<\/h2>\t\t\t\t<\/div>\n\t\t\t\t<\/div>\n\t\t\t\t<div class=\"elementor-element elementor-element-89b5cef elementor-widget elementor-widget-text-editor\" data-id=\"89b5cef\" data-element_type=\"widget\" data-e-type=\"widget\" data-widget_type=\"text-editor.default\">\n\t\t\t\t<div class=\"elementor-widget-container\">\n\t\t\t\t\t\t\t\t\t<p>Der Logistikprozess ist f\u00fcr den Einzelhandel eingerichtet; EAN- und SSCC-Aufkleber, k\u00e4uferspezifische Verpackungen und zugeh\u00f6rige Spezifikationen, Cross-Docking und mehr. Nat\u00fcrlich basiert die Lieferung auf einer ausgefeilten Lagerverwaltung.<\/p>\t\t\t\t\t\t\t\t<\/div>\n\t\t\t\t<\/div>\n\t\t\t\t<div class=\"elementor-element elementor-element-660f56e elementor-widget elementor-widget-heading\" data-id=\"660f56e\" data-element_type=\"widget\" data-e-type=\"widget\" data-widget_type=\"heading.default\">\n\t\t\t\t<div class=\"elementor-widget-container\">\n\t\t\t\t\t<h2 class=\"elementor-heading-title elementor-size-default\">Shop-Konzepte<\/h2>\t\t\t\t<\/div>\n\t\t\t\t<\/div>\n\t\t\t\t<div class=\"elementor-element elementor-element-4f28cd4 elementor-widget elementor-widget-text-editor\" data-id=\"4f28cd4\" data-element_type=\"widget\" data-e-type=\"widget\" data-widget_type=\"text-editor.default\">\n\t\t\t\t<div class=\"elementor-widget-container\">\n\t\t\t\t\t\t\t\t\t<div class=\"et_pb_section et_pb_section_1 et_section_regular\"><div class=\"et_pb_row et_pb_row_2\"><div class=\"et_pb_column et_pb_column_1_2 et_pb_column_3 et_pb_css_mix_blend_mode_passthrough et-last-child\"><div class=\"et_pb_module et_pb_text et_pb_text_2 et_pb_text_align_left et_pb_bg_layout_light\"><div class=\"et_pb_text_inner\"><p>Auch im Bereich der Ladenpr\u00e4sentation kann GEDI. B.V. mitdenken. Von der Sortimentsauswahl \u00fcber die Preispolitik bis hin zu logistischen L\u00f6sungen \u2013 GEDI B.V. ber\u00e4t Sie gerne!<\/p><\/div><\/div><\/div><\/div><\/div>\t\t\t\t\t\t\t\t<\/div>\n\t\t\t\t<\/div>\n\t\t\t\t\t<\/div>\n\t\t<\/div>\n\t\t\t\t\t<\/div>\n\t\t<\/section>\n\t\t\t\t<section class=\"elementor-section elementor-top-section elementor-element elementor-element-e3c265a elementor-section-content-middle elementor-section-boxed elementor-section-height-default elementor-section-height-default\" data-id=\"e3c265a\" data-element_type=\"section\" data-e-type=\"section\">\n\t\t\t\t\t\t<div class=\"elementor-container elementor-column-gap-no\">\n\t\t\t\t\t<div class=\"elementor-column elementor-col-50 elementor-top-column elementor-element elementor-element-75e482d\" data-id=\"75e482d\" data-element_type=\"column\" data-e-type=\"column\">\n\t\t\t<div class=\"elementor-widget-wrap elementor-element-populated\">\n\t\t\t\t\t\t<div class=\"elementor-element elementor-element-b3529a4 elementor-widget elementor-widget-heading\" data-id=\"b3529a4\" data-element_type=\"widget\" data-e-type=\"widget\" data-widget_type=\"heading.default\">\n\t\t\t\t<div class=\"elementor-widget-container\">\n\t\t\t\t\t<h2 class=\"elementor-heading-title elementor-size-default\">Warum GEDI B.V.?<\/h2>\t\t\t\t<\/div>\n\t\t\t\t<\/div>\n\t\t\t\t<div class=\"elementor-element elementor-element-7ecfa37 elementor-widget elementor-widget-text-editor\" data-id=\"7ecfa37\" data-element_type=\"widget\" data-e-type=\"widget\" data-widget_type=\"text-editor.default\">\n\t\t\t\t<div class=\"elementor-widget-container\">\n\t\t\t\t\t\t\t\t\t<ul>\n<li>&#8222;Partner mit viel Wissen und Erfahrung&#8220;<\/li>\n<li>Auf den Einzelhandel abgestimmte Prozesse<\/li>\n<li>Berater und Partner<\/li>\n<li>Kurze Bestellzeiten, schnelle Lieferung, optimale Logistikl\u00f6sungen und ein ma\u00dfgeschneidertes Angebot<\/li>\n<\/ul>\n\t\t\t\t\t\t\t\t<\/div>\n\t\t\t\t<\/div>\n\t\t\t\t\t<\/div>\n\t\t<\/div>\n\t\t\t\t<div class=\"elementor-column elementor-col-50 elementor-top-column elementor-element elementor-element-3ae6bfe\" data-id=\"3ae6bfe\" data-element_type=\"column\" data-e-type=\"column\">\n\t\t\t<div class=\"elementor-widget-wrap elementor-element-populated\">\n\t\t\t\t\t\t<div class=\"elementor-element elementor-element-5088f8b elementor-hidden-tablet elementor-hidden-mobile elementor-widget elementor-widget-image\" data-id=\"5088f8b\" data-element_type=\"widget\" data-e-type=\"widget\" data-widget_type=\"image.default\">\n\t\t\t\t<div class=\"elementor-widget-container\">\n\t\t\t\t\t\t\t\t\t\t\t\t\t\t\t<img decoding=\"async\" width=\"2560\" height=\"1707\" src=\"https:\/\/gedi.nl\/wp-content\/uploads\/2023\/04\/girl-working-in-florist-shop-2021-09-24-03-02-21-utc-1-scaled.jpg\" class=\"attachment-full size-full wp-image-872\" alt=\"\" srcset=\"https:\/\/gedi.nl\/wp-content\/uploads\/2023\/04\/girl-working-in-florist-shop-2021-09-24-03-02-21-utc-1-scaled.jpg 2560w, https:\/\/gedi.nl\/wp-content\/uploads\/2023\/04\/girl-working-in-florist-shop-2021-09-24-03-02-21-utc-1-300x200.jpg 300w, https:\/\/gedi.nl\/wp-content\/uploads\/2023\/04\/girl-working-in-florist-shop-2021-09-24-03-02-21-utc-1-1024x683.jpg 1024w, https:\/\/gedi.nl\/wp-content\/uploads\/2023\/04\/girl-working-in-florist-shop-2021-09-24-03-02-21-utc-1-768x512.jpg 768w, https:\/\/gedi.nl\/wp-content\/uploads\/2023\/04\/girl-working-in-florist-shop-2021-09-24-03-02-21-utc-1-1536x1024.jpg 1536w, https:\/\/gedi.nl\/wp-content\/uploads\/2023\/04\/girl-working-in-florist-shop-2021-09-24-03-02-21-utc-1-2048x1365.jpg 2048w\" sizes=\"(max-width: 2560px) 100vw, 2560px\" \/>\t\t\t\t\t\t\t\t\t\t\t\t\t\t\t<\/div>\n\t\t\t\t<\/div>\n\t\t\t\t\t<\/div>\n\t\t<\/div>\n\t\t\t\t\t<\/div>\n\t\t<\/section>\n\t\t\t\t<\/div>\n\t\t","protected":false},"excerpt":{"rendered":"<p>Einzelhandelsspezialist Erfahrene Spezialisten im Einzelhandel &#8222;Partner mit viel Wissen und Erfahrung&#8220; GEDI B.V. ist Ihr Spezialist f\u00fcr den Einzelhandel. Das Unternehmen ist in der Lage, auf alle Bed\u00fcrfnisse des Einzelhandels einzugehen und entsprechende L\u00f6sungen anzubieten. Neben einem optimalen Service bietet Ihnen GEDI B.V. auch Beratung auf Verbraucherebene. Das macht die Organisation nicht nur zu Ihrem [&hellip;]<\/p>\n","protected":false},"author":1,"featured_media":0,"parent":0,"menu_order":0,"comment_status":"closed","ping_status":"closed","template":"elementor_header_footer","meta":{"footnotes":""},"class_list":["post-1064","page","type-page","status-publish","hentry"],"yoast_head":"<!-- This site is optimized with the Yoast SEO plugin v27.4 - https:\/\/yoast.com\/product\/yoast-seo-wordpress\/ -->\n<title>Einzelhandelsspezialist - Gedi<\/title>\n<meta name=\"robots\" content=\"index, follow, max-snippet:-1, max-image-preview:large, max-video-preview:-1\" \/>\n<link rel=\"canonical\" href=\"https:\/\/gedi.nl\/retailspecialist\/\" \/>\n<meta property=\"og:locale\" content=\"de_DE\" \/>\n<meta property=\"og:type\" content=\"article\" \/>\n<meta property=\"og:title\" content=\"Einzelhandelsspezialist - Gedi\" \/>\n<meta property=\"og:description\" content=\"Einzelhandelsspezialist Erfahrene Spezialisten im Einzelhandel &#8222;Partner mit viel Wissen und Erfahrung&#8220; GEDI B.V. ist Ihr Spezialist f\u00fcr den Einzelhandel. Das Unternehmen ist in der Lage, auf alle Bed\u00fcrfnisse des Einzelhandels einzugehen und entsprechende L\u00f6sungen anzubieten. Neben einem optimalen Service bietet Ihnen GEDI B.V. auch Beratung auf Verbraucherebene. Das macht die Organisation nicht nur zu Ihrem [&hellip;]\" \/>\n<meta property=\"og:url\" content=\"https:\/\/gedi.nl\/retailspecialist\/\" \/>\n<meta property=\"og:site_name\" content=\"Gedi\" \/>\n<meta property=\"article:modified_time\" content=\"2023-07-24T09:18:31+00:00\" \/>\n<meta property=\"og:image\" content=\"https:\/\/gedi.nl\/wp-content\/uploads\/2023\/04\/florist-2021-08-29-15-19-41-utc-1-scaled.jpg\" \/>\n<meta name=\"twitter:card\" content=\"summary_large_image\" \/>\n<meta name=\"twitter:label1\" content=\"Gesch\u00e4tzte Lesezeit\" \/>\n\t<meta name=\"twitter:data1\" content=\"2\u00a0Minuten\" \/>\n<script type=\"application\/ld+json\" class=\"yoast-schema-graph\">{\"@context\":\"https:\\\/\\\/schema.org\",\"@graph\":[{\"@type\":\"WebPage\",\"@id\":\"https:\\\/\\\/gedi.nl\\\/retailspecialist\\\/\",\"url\":\"https:\\\/\\\/gedi.nl\\\/retailspecialist\\\/\",\"name\":\"Einzelhandelsspezialist - Gedi\",\"isPartOf\":{\"@id\":\"https:\\\/\\\/gedi.nl\\\/#website\"},\"primaryImageOfPage\":{\"@id\":\"https:\\\/\\\/gedi.nl\\\/retailspecialist\\\/#primaryimage\"},\"image\":{\"@id\":\"https:\\\/\\\/gedi.nl\\\/retailspecialist\\\/#primaryimage\"},\"thumbnailUrl\":\"https:\\\/\\\/gedi.nl\\\/wp-content\\\/uploads\\\/2023\\\/04\\\/florist-2021-08-29-15-19-41-utc-1-scaled.jpg\",\"datePublished\":\"2023-04-26T13:36:42+00:00\",\"dateModified\":\"2023-07-24T09:18:31+00:00\",\"breadcrumb\":{\"@id\":\"https:\\\/\\\/gedi.nl\\\/retailspecialist\\\/#breadcrumb\"},\"inLanguage\":\"de\",\"potentialAction\":[{\"@type\":\"ReadAction\",\"target\":[\"https:\\\/\\\/gedi.nl\\\/retailspecialist\\\/\"]}]},{\"@type\":\"ImageObject\",\"inLanguage\":\"de\",\"@id\":\"https:\\\/\\\/gedi.nl\\\/retailspecialist\\\/#primaryimage\",\"url\":\"https:\\\/\\\/gedi.nl\\\/wp-content\\\/uploads\\\/2023\\\/04\\\/florist-2021-08-29-15-19-41-utc-1-scaled.jpg\",\"contentUrl\":\"https:\\\/\\\/gedi.nl\\\/wp-content\\\/uploads\\\/2023\\\/04\\\/florist-2021-08-29-15-19-41-utc-1-scaled.jpg\"},{\"@type\":\"BreadcrumbList\",\"@id\":\"https:\\\/\\\/gedi.nl\\\/retailspecialist\\\/#breadcrumb\",\"itemListElement\":[{\"@type\":\"ListItem\",\"position\":1,\"name\":\"Home\",\"item\":\"https:\\\/\\\/gedi.nl\\\/de\\\/\"},{\"@type\":\"ListItem\",\"position\":2,\"name\":\"Einzelhandelsspezialist\"}]},{\"@type\":\"WebSite\",\"@id\":\"https:\\\/\\\/gedi.nl\\\/#website\",\"url\":\"https:\\\/\\\/gedi.nl\\\/\",\"name\":\"Gedi\",\"description\":\"Gedi Flowers and More\",\"publisher\":{\"@id\":\"https:\\\/\\\/gedi.nl\\\/#organization\"},\"potentialAction\":[{\"@type\":\"SearchAction\",\"target\":{\"@type\":\"EntryPoint\",\"urlTemplate\":\"https:\\\/\\\/gedi.nl\\\/?s={search_term_string}\"},\"query-input\":{\"@type\":\"PropertyValueSpecification\",\"valueRequired\":true,\"valueName\":\"search_term_string\"}}],\"inLanguage\":\"de\"},{\"@type\":\"Organization\",\"@id\":\"https:\\\/\\\/gedi.nl\\\/#organization\",\"name\":\"Gedi\",\"url\":\"https:\\\/\\\/gedi.nl\\\/\",\"logo\":{\"@type\":\"ImageObject\",\"inLanguage\":\"de\",\"@id\":\"https:\\\/\\\/gedi.nl\\\/#\\\/schema\\\/logo\\\/image\\\/\",\"url\":\"https:\\\/\\\/gedi.nl\\\/wp-content\\\/uploads\\\/2026\\\/03\\\/Gedi-Logo-2012-nieuw-scaled.png\",\"contentUrl\":\"https:\\\/\\\/gedi.nl\\\/wp-content\\\/uploads\\\/2026\\\/03\\\/Gedi-Logo-2012-nieuw-scaled.png\",\"width\":2560,\"height\":1125,\"caption\":\"Gedi\"},\"image\":{\"@id\":\"https:\\\/\\\/gedi.nl\\\/#\\\/schema\\\/logo\\\/image\\\/\"}}]}<\/script>\n<!-- \/ Yoast SEO plugin. -->","yoast_head_json":{"title":"Einzelhandelsspezialist - Gedi","robots":{"index":"index","follow":"follow","max-snippet":"max-snippet:-1","max-image-preview":"max-image-preview:large","max-video-preview":"max-video-preview:-1"},"canonical":"https:\/\/gedi.nl\/retailspecialist\/","og_locale":"de_DE","og_type":"article","og_title":"Einzelhandelsspezialist - Gedi","og_description":"Einzelhandelsspezialist Erfahrene Spezialisten im Einzelhandel &#8222;Partner mit viel Wissen und Erfahrung&#8220; GEDI B.V. ist Ihr Spezialist f\u00fcr den Einzelhandel. Das Unternehmen ist in der Lage, auf alle Bed\u00fcrfnisse des Einzelhandels einzugehen und entsprechende L\u00f6sungen anzubieten. Neben einem optimalen Service bietet Ihnen GEDI B.V. auch Beratung auf Verbraucherebene. Das macht die Organisation nicht nur zu Ihrem [&hellip;]","og_url":"https:\/\/gedi.nl\/retailspecialist\/","og_site_name":"Gedi","article_modified_time":"2023-07-24T09:18:31+00:00","og_image":[{"url":"https:\/\/gedi.nl\/wp-content\/uploads\/2023\/04\/florist-2021-08-29-15-19-41-utc-1-scaled.jpg","type":"","width":"","height":""}],"twitter_card":"summary_large_image","twitter_misc":{"Gesch\u00e4tzte Lesezeit":"2\u00a0Minuten"},"schema":{"@context":"https:\/\/schema.org","@graph":[{"@type":"WebPage","@id":"https:\/\/gedi.nl\/retailspecialist\/","url":"https:\/\/gedi.nl\/retailspecialist\/","name":"Einzelhandelsspezialist - Gedi","isPartOf":{"@id":"https:\/\/gedi.nl\/#website"},"primaryImageOfPage":{"@id":"https:\/\/gedi.nl\/retailspecialist\/#primaryimage"},"image":{"@id":"https:\/\/gedi.nl\/retailspecialist\/#primaryimage"},"thumbnailUrl":"https:\/\/gedi.nl\/wp-content\/uploads\/2023\/04\/florist-2021-08-29-15-19-41-utc-1-scaled.jpg","datePublished":"2023-04-26T13:36:42+00:00","dateModified":"2023-07-24T09:18:31+00:00","breadcrumb":{"@id":"https:\/\/gedi.nl\/retailspecialist\/#breadcrumb"},"inLanguage":"de","potentialAction":[{"@type":"ReadAction","target":["https:\/\/gedi.nl\/retailspecialist\/"]}]},{"@type":"ImageObject","inLanguage":"de","@id":"https:\/\/gedi.nl\/retailspecialist\/#primaryimage","url":"https:\/\/gedi.nl\/wp-content\/uploads\/2023\/04\/florist-2021-08-29-15-19-41-utc-1-scaled.jpg","contentUrl":"https:\/\/gedi.nl\/wp-content\/uploads\/2023\/04\/florist-2021-08-29-15-19-41-utc-1-scaled.jpg"},{"@type":"BreadcrumbList","@id":"https:\/\/gedi.nl\/retailspecialist\/#breadcrumb","itemListElement":[{"@type":"ListItem","position":1,"name":"Home","item":"https:\/\/gedi.nl\/de\/"},{"@type":"ListItem","position":2,"name":"Einzelhandelsspezialist"}]},{"@type":"WebSite","@id":"https:\/\/gedi.nl\/#website","url":"https:\/\/gedi.nl\/","name":"Gedi","description":"Gedi Flowers and More","publisher":{"@id":"https:\/\/gedi.nl\/#organization"},"potentialAction":[{"@type":"SearchAction","target":{"@type":"EntryPoint","urlTemplate":"https:\/\/gedi.nl\/?s={search_term_string}"},"query-input":{"@type":"PropertyValueSpecification","valueRequired":true,"valueName":"search_term_string"}}],"inLanguage":"de"},{"@type":"Organization","@id":"https:\/\/gedi.nl\/#organization","name":"Gedi","url":"https:\/\/gedi.nl\/","logo":{"@type":"ImageObject","inLanguage":"de","@id":"https:\/\/gedi.nl\/#\/schema\/logo\/image\/","url":"https:\/\/gedi.nl\/wp-content\/uploads\/2026\/03\/Gedi-Logo-2012-nieuw-scaled.png","contentUrl":"https:\/\/gedi.nl\/wp-content\/uploads\/2026\/03\/Gedi-Logo-2012-nieuw-scaled.png","width":2560,"height":1125,"caption":"Gedi"},"image":{"@id":"https:\/\/gedi.nl\/#\/schema\/logo\/image\/"}}]}},"_links":{"self":[{"href":"https:\/\/gedi.nl\/de\/wp-json\/wp\/v2\/pages\/1064","targetHints":{"allow":["GET"]}}],"collection":[{"href":"https:\/\/gedi.nl\/de\/wp-json\/wp\/v2\/pages"}],"about":[{"href":"https:\/\/gedi.nl\/de\/wp-json\/wp\/v2\/types\/page"}],"author":[{"embeddable":true,"href":"https:\/\/gedi.nl\/de\/wp-json\/wp\/v2\/users\/1"}],"replies":[{"embeddable":true,"href":"https:\/\/gedi.nl\/de\/wp-json\/wp\/v2\/comments?post=1064"}],"version-history":[{"count":14,"href":"https:\/\/gedi.nl\/de\/wp-json\/wp\/v2\/pages\/1064\/revisions"}],"predecessor-version":[{"id":1403,"href":"https:\/\/gedi.nl\/de\/wp-json\/wp\/v2\/pages\/1064\/revisions\/1403"}],"wp:attachment":[{"href":"https:\/\/gedi.nl\/de\/wp-json\/wp\/v2\/media?parent=1064"}],"curies":[{"name":"wp","href":"https:\/\/api.w.org\/{rel}","templated":true}]}}