{"id":1052,"date":"2023-05-02T14:10:16","date_gmt":"2023-05-02T14:10:16","guid":{"rendered":"https:\/\/testomgeving.gedi.nl\/nachhaltigkeit\/"},"modified":"2023-07-24T09:26:14","modified_gmt":"2023-07-24T09:26:14","slug":"nachhaltigkeit","status":"publish","type":"page","link":"https:\/\/gedi.nl\/de\/nachhaltigkeit\/","title":{"rendered":"Nachhaltigkeit"},"content":{"rendered":"\t\t<div data-elementor-type=\"wp-page\" data-elementor-id=\"1052\" class=\"elementor elementor-1052 elementor-272\" data-elementor-post-type=\"page\">\n\t\t\t\t<div class=\"elementor-element elementor-element-32b5bca e-flex e-con-boxed e-con e-parent\" data-id=\"32b5bca\" data-element_type=\"container\" data-e-type=\"container\" data-settings=\"{&quot;background_background&quot;:&quot;classic&quot;}\">\n\t\t\t\t\t<div class=\"e-con-inner\">\n\t\t<div class=\"elementor-element elementor-element-5b78041 e-con-full e-flex e-con e-parent\" data-id=\"5b78041\" data-element_type=\"container\" data-e-type=\"container\">\n\t\t\t\t<\/div>\n\t\t\t\t\t<\/div>\n\t\t\t\t<\/div>\n\t\t\t\t<section class=\"elementor-section elementor-top-section elementor-element elementor-element-34b0510 elementor-section-height-min-height elementor-section-content-middle elementor-section-boxed elementor-section-height-default elementor-section-items-middle\" data-id=\"34b0510\" data-element_type=\"section\" data-e-type=\"section\" data-settings=\"{&quot;background_background&quot;:&quot;classic&quot;}\">\n\t\t\t\t\t\t<div class=\"elementor-container elementor-column-gap-no\">\n\t\t\t\t\t<div class=\"elementor-column elementor-col-100 elementor-top-column elementor-element elementor-element-694f1f8\" data-id=\"694f1f8\" data-element_type=\"column\" data-e-type=\"column\">\n\t\t\t<div class=\"elementor-widget-wrap elementor-element-populated\">\n\t\t\t\t\t\t<div class=\"elementor-element elementor-element-f1f1895 elementor-blockquote--skin-clean elementor-blockquote--align-center elementor-widget elementor-widget-blockquote\" data-id=\"f1f1895\" data-element_type=\"widget\" data-e-type=\"widget\" data-widget_type=\"blockquote.default\">\n\t\t\t\t<div class=\"elementor-widget-container\">\n\t\t\t\t\t\t\t<blockquote class=\"elementor-blockquote\">\n\t\t\t<p class=\"elementor-blockquote__content\">\n\t\t\t\tNachhaltigkeit\t\t\t<\/p>\n\t\t\t\t\t<\/blockquote>\n\t\t\t\t\t\t<\/div>\n\t\t\t\t<\/div>\n\t\t\t\t<div class=\"elementor-element elementor-element-0b92803 elementor-widget elementor-widget-heading\" data-id=\"0b92803\" data-element_type=\"widget\" data-e-type=\"widget\" data-widget_type=\"heading.default\">\n\t\t\t\t<div class=\"elementor-widget-container\">\n\t\t\t\t\t<h3 class=\"elementor-heading-title elementor-size-default\">Nachhaltig und fair<\/h3>\t\t\t\t<\/div>\n\t\t\t\t<\/div>\n\t\t\t\t\t<\/div>\n\t\t<\/div>\n\t\t\t\t\t<\/div>\n\t\t<\/section>\n\t\t<div class=\"elementor-element elementor-element-aae491a e-flex e-con-boxed e-con e-parent\" data-id=\"aae491a\" data-element_type=\"container\" data-e-type=\"container\">\n\t\t\t\t\t<div class=\"e-con-inner\">\n\t\t<div class=\"elementor-element elementor-element-2f6b822 e-con-full e-flex e-con e-parent\" data-id=\"2f6b822\" data-element_type=\"container\" data-e-type=\"container\">\n\t\t\t\t<div class=\"elementor-element elementor-element-c708b34 elementor-widget elementor-widget-heading\" data-id=\"c708b34\" data-element_type=\"widget\" data-e-type=\"widget\" data-widget_type=\"heading.default\">\n\t\t\t\t<div class=\"elementor-widget-container\">\n\t\t\t\t\t<h2 class=\"elementor-heading-title elementor-size-default\">GEDI B.V. ist nachhaltig<\/h2>\t\t\t\t<\/div>\n\t\t\t\t<\/div>\n\t\t\t\t<div class=\"elementor-element elementor-element-edbc025 elementor-widget elementor-widget-text-editor\" data-id=\"edbc025\" data-element_type=\"widget\" data-e-type=\"widget\" data-widget_type=\"text-editor.default\">\n\t\t\t\t<div class=\"elementor-widget-container\">\n\t\t\t\t\t\t\t\t\t<p>Nachhaltigkeit ist ein fester Bestandteil der Produktionskette von Schnittblumen und Zierpflanzen geworden. Auch die gro\u00dfen Einzelhandelsunternehmen entwickeln ihre Nachhaltigkeitsanforderungen weiter, was bedeutet, dass sie st\u00e4ndig zu Innovationen aufgefordert werden. GEDI B.V. ist ein Partner, der sich gerne der Herausforderung stellt, die Welt lebenswert zu halten, indem er Parteien w\u00e4hlt, die dieselben nachhaltigen Ziele verfolgen.<\/p>\t\t\t\t\t\t\t\t<\/div>\n\t\t\t\t<\/div>\n\t\t\t\t<div class=\"elementor-element elementor-element-6848637 elementor-widget elementor-widget-image\" data-id=\"6848637\" data-element_type=\"widget\" data-e-type=\"widget\" data-widget_type=\"image.default\">\n\t\t\t\t<div class=\"elementor-widget-container\">\n\t\t\t\t\t\t\t\t\t\t\t\t\t\t\t<img decoding=\"async\" width=\"138\" height=\"138\" src=\"https:\/\/gedi.nl\/wp-content\/uploads\/2023\/05\/fairTradeLogo.gif\" class=\"attachment-large size-large wp-image-886\" alt=\"\" \/>\t\t\t\t\t\t\t\t\t\t\t\t\t\t\t<\/div>\n\t\t\t\t<\/div>\n\t\t\t\t<\/div>\n\t\t<div class=\"elementor-element elementor-element-54f88b1 e-con-full e-flex e-con e-parent\" data-id=\"54f88b1\" data-element_type=\"container\" data-e-type=\"container\">\n\t\t\t\t<div class=\"elementor-element elementor-element-8477fa3 elementor-widget elementor-widget-image\" data-id=\"8477fa3\" data-element_type=\"widget\" data-e-type=\"widget\" data-widget_type=\"image.default\">\n\t\t\t\t<div class=\"elementor-widget-container\">\n\t\t\t\t\t\t\t\t\t\t\t\t\t\t\t<img fetchpriority=\"high\" decoding=\"async\" width=\"800\" height=\"600\" src=\"https:\/\/gedi.nl\/wp-content\/uploads\/2023\/05\/Untitled-2.jpg\" class=\"attachment-full size-full wp-image-888\" alt=\"\" srcset=\"https:\/\/gedi.nl\/wp-content\/uploads\/2023\/05\/Untitled-2.jpg 800w, https:\/\/gedi.nl\/wp-content\/uploads\/2023\/05\/Untitled-2-300x225.jpg 300w, https:\/\/gedi.nl\/wp-content\/uploads\/2023\/05\/Untitled-2-768x576.jpg 768w\" sizes=\"(max-width: 800px) 100vw, 800px\" \/>\t\t\t\t\t\t\t\t\t\t\t\t\t\t\t<\/div>\n\t\t\t\t<\/div>\n\t\t\t\t<\/div>\n\t\t\t\t\t<\/div>\n\t\t\t\t<\/div>\n\t\t<div class=\"elementor-element elementor-element-50a248c e-flex e-con-boxed e-con e-parent\" data-id=\"50a248c\" data-element_type=\"container\" data-e-type=\"container\">\n\t\t\t\t\t<div class=\"e-con-inner\">\n\t\t<div class=\"elementor-element elementor-element-3fa0ec5 e-con-full e-flex e-con e-parent\" data-id=\"3fa0ec5\" data-element_type=\"container\" data-e-type=\"container\">\n\t\t\t\t<div class=\"elementor-element elementor-element-3d8a682 elementor-widget elementor-widget-heading\" data-id=\"3d8a682\" data-element_type=\"widget\" data-e-type=\"widget\" data-widget_type=\"heading.default\">\n\t\t\t\t<div class=\"elementor-widget-container\">\n\t\t\t\t\t<h2 class=\"elementor-heading-title elementor-size-default\">Mit Fairtrade-Blumen sozial verantwortlich handeln\n<\/h2>\t\t\t\t<\/div>\n\t\t\t\t<\/div>\n\t\t\t\t<div class=\"elementor-element elementor-element-67e9556 elementor-widget elementor-widget-text-editor\" data-id=\"67e9556\" data-element_type=\"widget\" data-e-type=\"widget\" data-widget_type=\"text-editor.default\">\n\t\t\t\t<div class=\"elementor-widget-container\">\n\t\t\t\t\t\t\t\t\t<div><div><div><div><div><p>Neben den Standardprodukten liefert GEDI B.V. auch Fairtrade-Produkte mit dem Max Havelaar-Siegel. Die von uns gelieferten Fairtrade-Rosen stammen von Farmen, in denen auf das Wohlergehen der Mitarbeiter geachtet wird. Sie werden fair behandelt, und auf den Farmen gibt es oft eine medizinische Versorgung. Es wird zudem in soziale Projekte investiert.<\/p><p>Fairtrade-zertifizierte Unternehmen zahlen faire L\u00f6hne und bieten sichere Arbeitspl\u00e4tze mit strenger Gesundheits- und Sicherheits\u00fcberwachung. Die Importeure zahlen einen Aufschlag f\u00fcr Fairtrade-Blumen. Dieser Zuschuss wird f\u00fcr viele verschiedene Projekte verwendet, z. B. f\u00fcr die Wasserfilterung oder den Bau von Schulen f\u00fcr Kinder und Mitarbeiter.<\/p><\/div><\/div><\/div><\/div><\/div><div><div><div><div><div>\u00a0<\/div><\/div><\/div><\/div><\/div>\t\t\t\t\t\t\t\t<\/div>\n\t\t\t\t<\/div>\n\t\t\t\t<\/div>\n\t\t<div class=\"elementor-element elementor-element-1a1140d e-con-full e-flex e-con e-parent\" data-id=\"1a1140d\" data-element_type=\"container\" data-e-type=\"container\">\n\t\t\t\t<div class=\"elementor-element elementor-element-be1d7f3 elementor-widget elementor-widget-image\" data-id=\"be1d7f3\" data-element_type=\"widget\" data-e-type=\"widget\" data-widget_type=\"image.default\">\n\t\t\t\t<div class=\"elementor-widget-container\">\n\t\t\t\t\t\t\t\t\t\t\t\t\t\t\t<img decoding=\"async\" width=\"800\" height=\"600\" src=\"https:\/\/gedi.nl\/wp-content\/uploads\/2023\/05\/Untitled-3.jpg\" class=\"attachment-full size-full wp-image-890\" alt=\"\" srcset=\"https:\/\/gedi.nl\/wp-content\/uploads\/2023\/05\/Untitled-3.jpg 800w, https:\/\/gedi.nl\/wp-content\/uploads\/2023\/05\/Untitled-3-300x225.jpg 300w, https:\/\/gedi.nl\/wp-content\/uploads\/2023\/05\/Untitled-3-768x576.jpg 768w\" sizes=\"(max-width: 800px) 100vw, 800px\" \/>\t\t\t\t\t\t\t\t\t\t\t\t\t\t\t<\/div>\n\t\t\t\t<\/div>\n\t\t\t\t<\/div>\n\t\t\t\t\t<\/div>\n\t\t\t\t<\/div>\n\t\t<div class=\"elementor-element elementor-element-ba38e03 e-flex e-con-boxed e-con e-parent\" data-id=\"ba38e03\" data-element_type=\"container\" data-e-type=\"container\" data-settings=\"{&quot;background_background&quot;:&quot;classic&quot;}\">\n\t\t\t\t\t<div class=\"e-con-inner\">\n\t\t<div class=\"elementor-element elementor-element-39ebbe2 e-con-full e-flex e-con e-parent\" data-id=\"39ebbe2\" data-element_type=\"container\" data-e-type=\"container\">\n\t\t\t\t<div class=\"elementor-element elementor-element-aabfee5 elementor-widget elementor-widget-heading\" data-id=\"aabfee5\" data-element_type=\"widget\" data-e-type=\"widget\" data-widget_type=\"heading.default\">\n\t\t\t\t<div class=\"elementor-widget-container\">\n\t\t\t\t\t<h2 class=\"elementor-heading-title elementor-size-default\">Fairtrade-Bedingungen:<\/h2>\t\t\t\t<\/div>\n\t\t\t\t<\/div>\n\t\t\t\t<div class=\"elementor-element elementor-element-10cf330 elementor-widget__width-initial elementor-widget elementor-widget-text-editor\" data-id=\"10cf330\" data-element_type=\"widget\" data-e-type=\"widget\" data-widget_type=\"text-editor.default\">\n\t\t\t\t<div class=\"elementor-widget-container\">\n\t\t\t\t\t\t\t\t\t<ul><li>Vereinbarung geregelter Arbeitszeiten und fairer Entlohnung von Arbeitnehmern<\/li><li>Vorschriften f\u00fcr Sicherheit und Gesundheitsschutz am Arbeitsplatz<\/li><li>Schutz der Umwelt durch nachhaltige Produktionsmethoden<\/li><li>Verbot der Kinderarbeit<\/li><li>Die Einhaltung dieser Bedingungen wird regelm\u00e4\u00dfig von Fairtrade-Inspektoren kontrolliert.<\/li><\/ul>\t\t\t\t\t\t\t\t<\/div>\n\t\t\t\t<\/div>\n\t\t\t\t<\/div>\n\t\t\t\t\t<\/div>\n\t\t\t\t<\/div>\n\t\t<div class=\"elementor-element elementor-element-5d2c902 e-flex e-con-boxed e-con e-parent\" data-id=\"5d2c902\" data-element_type=\"container\" data-e-type=\"container\">\n\t\t\t\t\t<div class=\"e-con-inner\">\n\t\t<div class=\"elementor-element elementor-element-f52b45e e-con-full e-flex e-con e-parent\" data-id=\"f52b45e\" data-element_type=\"container\" data-e-type=\"container\">\n\t\t\t\t<div class=\"elementor-element elementor-element-24cc100 elementor-widget elementor-widget-image\" data-id=\"24cc100\" data-element_type=\"widget\" data-e-type=\"widget\" data-widget_type=\"image.default\">\n\t\t\t\t<div class=\"elementor-widget-container\">\n\t\t\t\t\t\t\t\t\t\t\t\t\t\t\t<img loading=\"lazy\" decoding=\"async\" width=\"127\" height=\"150\" src=\"https:\/\/gedi.nl\/wp-content\/uploads\/2023\/06\/Afbeelding1-127x150.png\" class=\"attachment-thumbnail size-thumbnail wp-image-982\" alt=\"\" \/>\t\t\t\t\t\t\t\t\t\t\t\t\t\t\t<\/div>\n\t\t\t\t<\/div>\n\t\t<div class=\"elementor-element elementor-element-ffb9b22 e-flex e-con-boxed e-con e-parent\" data-id=\"ffb9b22\" data-element_type=\"container\" data-e-type=\"container\" data-settings=\"{&quot;background_background&quot;:&quot;classic&quot;}\">\n\t\t\t\t\t<div class=\"e-con-inner\">\n\t\t\t\t\t<\/div>\n\t\t\t\t<\/div>\n\t\t\t\t<\/div>\n\t\t<div class=\"elementor-element elementor-element-403db9d e-con-full e-flex e-con e-parent\" data-id=\"403db9d\" data-element_type=\"container\" data-e-type=\"container\">\n\t\t<div class=\"elementor-element elementor-element-422483e e-con-full e-flex e-con e-parent\" data-id=\"422483e\" data-element_type=\"container\" data-e-type=\"container\">\n\t\t\t\t<div class=\"elementor-element elementor-element-cd06ec6 elementor-widget__width-initial elementor-widget elementor-widget-heading\" data-id=\"cd06ec6\" data-element_type=\"widget\" data-e-type=\"widget\" data-widget_type=\"heading.default\">\n\t\t\t\t<div class=\"elementor-widget-container\">\n\t\t\t\t\t<h2 class=\"elementor-heading-title elementor-size-default\">\nMPS Florimark TraceCert \/ MPS GlobalGAP Chain of Custody\n<\/h2>\t\t\t\t<\/div>\n\t\t\t\t<\/div>\n\t\t\t\t<div class=\"elementor-element elementor-element-bde3366 elementor-widget__width-initial elementor-widget elementor-widget-text-editor\" data-id=\"bde3366\" data-element_type=\"widget\" data-e-type=\"widget\" data-widget_type=\"text-editor.default\">\n\t\t\t\t<div class=\"elementor-widget-container\">\n\t\t\t\t\t\t\t\t\t<p>MPS, die internationale Organisation zur F\u00f6rderung der Nachhaltigkeit<\/p><p>Was 1995 als Umweltprojekt der Blumenauktion Westland begann, ist heute eine dynamische, internationale Organisation, die in mehr als 50 L\u00e4ndern t\u00e4tig ist.<\/p><p>\u00a0<\/p><p>Alle Aktivit\u00e4ten des MPS zielen auf die F\u00f6rderung nachhaltiger Gesch\u00e4fte im internationalen Gartenbausektor ab. Durch die Entwicklung von Produkten (Zertifikaten) und Dienstleistungen f\u00fcr ihre Kunden in den Bereichen Qualit\u00e4tssicherung, Umwelt und soziale Aspekte pr\u00e4gen sie die Nachhaltigkeit, und bieten dem Blumenzuchtsektor Werkzeuge zur Umsetzung nachhaltiger Gesch\u00e4ftspraktiken (www.my-mps.com).<\/p><p>\u00a0<\/p><p>GEDI B.V. ist sowohl MPS Florimark TraceCert als auch MPS GlobalGAP Chain of Custody zertifiziert.<\/p><p>\u00a0<\/p>\t\t\t\t\t\t\t\t<\/div>\n\t\t\t\t<\/div>\n\t\t\t\t<\/div>\n\t\t\t\t<\/div>\n\t\t\t\t\t<\/div>\n\t\t\t\t<\/div>\n\t\t<div class=\"elementor-element elementor-element-279cfea e-flex e-con-boxed e-con e-parent\" data-id=\"279cfea\" data-element_type=\"container\" data-e-type=\"container\">\n\t\t\t\t\t<div class=\"e-con-inner\">\n\t\t<div class=\"elementor-element elementor-element-e60fdde e-con-full e-flex e-con e-parent\" data-id=\"e60fdde\" data-element_type=\"container\" data-e-type=\"container\">\n\t\t<div class=\"elementor-element elementor-element-2b2b0fd e-flex e-con-boxed e-con e-parent\" data-id=\"2b2b0fd\" data-element_type=\"container\" data-e-type=\"container\">\n\t\t\t\t\t<div class=\"e-con-inner\">\n\t\t\t\t<div class=\"elementor-element elementor-element-786df56 elementor-widget elementor-widget-image\" data-id=\"786df56\" data-element_type=\"widget\" data-e-type=\"widget\" data-widget_type=\"image.default\">\n\t\t\t\t<div class=\"elementor-widget-container\">\n\t\t\t\t\t\t\t\t\t\t\t\t\t\t\t<img loading=\"lazy\" decoding=\"async\" width=\"1702\" height=\"1159\" src=\"https:\/\/gedi.nl\/wp-content\/uploads\/2023\/05\/skal-gecertificeerd-kader.png\" class=\"attachment-full size-full wp-image-892\" alt=\"\" srcset=\"https:\/\/gedi.nl\/wp-content\/uploads\/2023\/05\/skal-gecertificeerd-kader.png 1702w, https:\/\/gedi.nl\/wp-content\/uploads\/2023\/05\/skal-gecertificeerd-kader-300x204.png 300w, https:\/\/gedi.nl\/wp-content\/uploads\/2023\/05\/skal-gecertificeerd-kader-1024x697.png 1024w, https:\/\/gedi.nl\/wp-content\/uploads\/2023\/05\/skal-gecertificeerd-kader-768x523.png 768w, https:\/\/gedi.nl\/wp-content\/uploads\/2023\/05\/skal-gecertificeerd-kader-1536x1046.png 1536w\" sizes=\"(max-width: 1702px) 100vw, 1702px\" \/>\t\t\t\t\t\t\t\t\t\t\t\t\t\t\t<\/div>\n\t\t\t\t<\/div>\n\t\t\t\t\t<\/div>\n\t\t\t\t<\/div>\n\t\t\t\t<\/div>\n\t\t<div class=\"elementor-element elementor-element-5080785 e-con-full e-flex e-con e-parent\" data-id=\"5080785\" data-element_type=\"container\" data-e-type=\"container\">\n\t\t<div class=\"elementor-element elementor-element-6a4bac7 e-con-full e-flex e-con e-parent\" data-id=\"6a4bac7\" data-element_type=\"container\" data-e-type=\"container\">\n\t\t\t\t<div class=\"elementor-element elementor-element-8f68a76 elementor-widget__width-initial elementor-widget elementor-widget-heading\" data-id=\"8f68a76\" data-element_type=\"widget\" data-e-type=\"widget\" data-widget_type=\"heading.default\">\n\t\t\t\t<div class=\"elementor-widget-container\">\n\t\t\t\t\t<h2 class=\"elementor-heading-title elementor-size-default\">Bio<\/h2>\t\t\t\t<\/div>\n\t\t\t\t<\/div>\n\t\t\t\t<div class=\"elementor-element elementor-element-a06df48 elementor-widget__width-initial elementor-widget elementor-widget-text-editor\" data-id=\"a06df48\" data-element_type=\"widget\" data-e-type=\"widget\" data-widget_type=\"text-editor.default\">\n\t\t\t\t<div class=\"elementor-widget-container\">\n\t\t\t\t\t\t\t\t\t<p>Die Verbraucher entscheiden sich f\u00fcr Bio-Produkte, weil sie gesund, umweltfreundlich und authentisch sind. GEDI B.V. kann Sie auch hierbei unterst\u00fctzen, denn wir sind SKAL BIO zertifiziert (www.skal.nl).<\/p>\t\t\t\t\t\t\t\t<\/div>\n\t\t\t\t<\/div>\n\t\t\t\t<\/div>\n\t\t\t\t<\/div>\n\t\t\t\t\t<\/div>\n\t\t\t\t<\/div>\n\t\t\t\t<\/div>\n\t\t","protected":false},"excerpt":{"rendered":"<p>Nachhaltigkeit Nachhaltig und fair GEDI B.V. ist nachhaltig Nachhaltigkeit ist ein fester Bestandteil der Produktionskette von Schnittblumen und Zierpflanzen geworden. Auch die gro\u00dfen Einzelhandelsunternehmen entwickeln ihre Nachhaltigkeitsanforderungen weiter, was bedeutet, dass sie st\u00e4ndig zu Innovationen aufgefordert werden. GEDI B.V. ist ein Partner, der sich gerne der Herausforderung stellt, die Welt lebenswert zu halten, indem er [&hellip;]<\/p>\n","protected":false},"author":1,"featured_media":0,"parent":0,"menu_order":0,"comment_status":"closed","ping_status":"closed","template":"elementor_header_footer","meta":{"footnotes":""},"class_list":["post-1052","page","type-page","status-publish","hentry"],"yoast_head":"<!-- This site is optimized with the Yoast SEO plugin v27.4 - https:\/\/yoast.com\/product\/yoast-seo-wordpress\/ -->\n<title>Nachhaltigkeit - Gedi<\/title>\n<meta name=\"robots\" content=\"index, follow, max-snippet:-1, max-image-preview:large, max-video-preview:-1\" \/>\n<link rel=\"canonical\" href=\"https:\/\/gedi.nl\/de\/nachhaltigkeit\/\" \/>\n<meta property=\"og:locale\" content=\"de_DE\" \/>\n<meta property=\"og:type\" content=\"article\" \/>\n<meta property=\"og:title\" content=\"Nachhaltigkeit - Gedi\" \/>\n<meta property=\"og:description\" content=\"Nachhaltigkeit Nachhaltig und fair GEDI B.V. ist nachhaltig Nachhaltigkeit ist ein fester Bestandteil der Produktionskette von Schnittblumen und Zierpflanzen geworden. Auch die gro\u00dfen Einzelhandelsunternehmen entwickeln ihre Nachhaltigkeitsanforderungen weiter, was bedeutet, dass sie st\u00e4ndig zu Innovationen aufgefordert werden. GEDI B.V. ist ein Partner, der sich gerne der Herausforderung stellt, die Welt lebenswert zu halten, indem er [&hellip;]\" \/>\n<meta property=\"og:url\" content=\"https:\/\/gedi.nl\/de\/nachhaltigkeit\/\" \/>\n<meta property=\"og:site_name\" content=\"Gedi\" \/>\n<meta property=\"article:modified_time\" content=\"2023-07-24T09:26:14+00:00\" \/>\n<meta property=\"og:image\" content=\"https:\/\/gedi.nl\/wp-content\/uploads\/2023\/05\/fairTradeLogo.gif\" \/>\n<meta name=\"twitter:card\" content=\"summary_large_image\" \/>\n<meta name=\"twitter:label1\" content=\"Gesch\u00e4tzte Lesezeit\" \/>\n\t<meta name=\"twitter:data1\" content=\"3\u00a0Minuten\" \/>\n<script type=\"application\/ld+json\" class=\"yoast-schema-graph\">{\"@context\":\"https:\\\/\\\/schema.org\",\"@graph\":[{\"@type\":\"WebPage\",\"@id\":\"https:\\\/\\\/gedi.nl\\\/de\\\/nachhaltigkeit\\\/\",\"url\":\"https:\\\/\\\/gedi.nl\\\/de\\\/nachhaltigkeit\\\/\",\"name\":\"Nachhaltigkeit - Gedi\",\"isPartOf\":{\"@id\":\"https:\\\/\\\/gedi.nl\\\/#website\"},\"primaryImageOfPage\":{\"@id\":\"https:\\\/\\\/gedi.nl\\\/de\\\/nachhaltigkeit\\\/#primaryimage\"},\"image\":{\"@id\":\"https:\\\/\\\/gedi.nl\\\/de\\\/nachhaltigkeit\\\/#primaryimage\"},\"thumbnailUrl\":\"https:\\\/\\\/gedi.nl\\\/wp-content\\\/uploads\\\/2023\\\/05\\\/fairTradeLogo.gif\",\"datePublished\":\"2023-05-02T14:10:16+00:00\",\"dateModified\":\"2023-07-24T09:26:14+00:00\",\"breadcrumb\":{\"@id\":\"https:\\\/\\\/gedi.nl\\\/de\\\/nachhaltigkeit\\\/#breadcrumb\"},\"inLanguage\":\"de\",\"potentialAction\":[{\"@type\":\"ReadAction\",\"target\":[\"https:\\\/\\\/gedi.nl\\\/de\\\/nachhaltigkeit\\\/\"]}]},{\"@type\":\"ImageObject\",\"inLanguage\":\"de\",\"@id\":\"https:\\\/\\\/gedi.nl\\\/de\\\/nachhaltigkeit\\\/#primaryimage\",\"url\":\"https:\\\/\\\/gedi.nl\\\/wp-content\\\/uploads\\\/2023\\\/05\\\/fairTradeLogo.gif\",\"contentUrl\":\"https:\\\/\\\/gedi.nl\\\/wp-content\\\/uploads\\\/2023\\\/05\\\/fairTradeLogo.gif\"},{\"@type\":\"BreadcrumbList\",\"@id\":\"https:\\\/\\\/gedi.nl\\\/de\\\/nachhaltigkeit\\\/#breadcrumb\",\"itemListElement\":[{\"@type\":\"ListItem\",\"position\":1,\"name\":\"Home\",\"item\":\"https:\\\/\\\/gedi.nl\\\/de\\\/\"},{\"@type\":\"ListItem\",\"position\":2,\"name\":\"Nachhaltigkeit\"}]},{\"@type\":\"WebSite\",\"@id\":\"https:\\\/\\\/gedi.nl\\\/#website\",\"url\":\"https:\\\/\\\/gedi.nl\\\/\",\"name\":\"Gedi\",\"description\":\"Gedi Flowers and More\",\"publisher\":{\"@id\":\"https:\\\/\\\/gedi.nl\\\/#organization\"},\"potentialAction\":[{\"@type\":\"SearchAction\",\"target\":{\"@type\":\"EntryPoint\",\"urlTemplate\":\"https:\\\/\\\/gedi.nl\\\/?s={search_term_string}\"},\"query-input\":{\"@type\":\"PropertyValueSpecification\",\"valueRequired\":true,\"valueName\":\"search_term_string\"}}],\"inLanguage\":\"de\"},{\"@type\":\"Organization\",\"@id\":\"https:\\\/\\\/gedi.nl\\\/#organization\",\"name\":\"Gedi\",\"url\":\"https:\\\/\\\/gedi.nl\\\/\",\"logo\":{\"@type\":\"ImageObject\",\"inLanguage\":\"de\",\"@id\":\"https:\\\/\\\/gedi.nl\\\/#\\\/schema\\\/logo\\\/image\\\/\",\"url\":\"https:\\\/\\\/gedi.nl\\\/wp-content\\\/uploads\\\/2026\\\/03\\\/Gedi-Logo-2012-nieuw-scaled.png\",\"contentUrl\":\"https:\\\/\\\/gedi.nl\\\/wp-content\\\/uploads\\\/2026\\\/03\\\/Gedi-Logo-2012-nieuw-scaled.png\",\"width\":2560,\"height\":1125,\"caption\":\"Gedi\"},\"image\":{\"@id\":\"https:\\\/\\\/gedi.nl\\\/#\\\/schema\\\/logo\\\/image\\\/\"}}]}<\/script>\n<!-- \/ Yoast SEO plugin. -->","yoast_head_json":{"title":"Nachhaltigkeit - Gedi","robots":{"index":"index","follow":"follow","max-snippet":"max-snippet:-1","max-image-preview":"max-image-preview:large","max-video-preview":"max-video-preview:-1"},"canonical":"https:\/\/gedi.nl\/de\/nachhaltigkeit\/","og_locale":"de_DE","og_type":"article","og_title":"Nachhaltigkeit - Gedi","og_description":"Nachhaltigkeit Nachhaltig und fair GEDI B.V. ist nachhaltig Nachhaltigkeit ist ein fester Bestandteil der Produktionskette von Schnittblumen und Zierpflanzen geworden. Auch die gro\u00dfen Einzelhandelsunternehmen entwickeln ihre Nachhaltigkeitsanforderungen weiter, was bedeutet, dass sie st\u00e4ndig zu Innovationen aufgefordert werden. GEDI B.V. ist ein Partner, der sich gerne der Herausforderung stellt, die Welt lebenswert zu halten, indem er [&hellip;]","og_url":"https:\/\/gedi.nl\/de\/nachhaltigkeit\/","og_site_name":"Gedi","article_modified_time":"2023-07-24T09:26:14+00:00","og_image":[{"url":"https:\/\/gedi.nl\/wp-content\/uploads\/2023\/05\/fairTradeLogo.gif","type":"","width":"","height":""}],"twitter_card":"summary_large_image","twitter_misc":{"Gesch\u00e4tzte Lesezeit":"3\u00a0Minuten"},"schema":{"@context":"https:\/\/schema.org","@graph":[{"@type":"WebPage","@id":"https:\/\/gedi.nl\/de\/nachhaltigkeit\/","url":"https:\/\/gedi.nl\/de\/nachhaltigkeit\/","name":"Nachhaltigkeit - Gedi","isPartOf":{"@id":"https:\/\/gedi.nl\/#website"},"primaryImageOfPage":{"@id":"https:\/\/gedi.nl\/de\/nachhaltigkeit\/#primaryimage"},"image":{"@id":"https:\/\/gedi.nl\/de\/nachhaltigkeit\/#primaryimage"},"thumbnailUrl":"https:\/\/gedi.nl\/wp-content\/uploads\/2023\/05\/fairTradeLogo.gif","datePublished":"2023-05-02T14:10:16+00:00","dateModified":"2023-07-24T09:26:14+00:00","breadcrumb":{"@id":"https:\/\/gedi.nl\/de\/nachhaltigkeit\/#breadcrumb"},"inLanguage":"de","potentialAction":[{"@type":"ReadAction","target":["https:\/\/gedi.nl\/de\/nachhaltigkeit\/"]}]},{"@type":"ImageObject","inLanguage":"de","@id":"https:\/\/gedi.nl\/de\/nachhaltigkeit\/#primaryimage","url":"https:\/\/gedi.nl\/wp-content\/uploads\/2023\/05\/fairTradeLogo.gif","contentUrl":"https:\/\/gedi.nl\/wp-content\/uploads\/2023\/05\/fairTradeLogo.gif"},{"@type":"BreadcrumbList","@id":"https:\/\/gedi.nl\/de\/nachhaltigkeit\/#breadcrumb","itemListElement":[{"@type":"ListItem","position":1,"name":"Home","item":"https:\/\/gedi.nl\/de\/"},{"@type":"ListItem","position":2,"name":"Nachhaltigkeit"}]},{"@type":"WebSite","@id":"https:\/\/gedi.nl\/#website","url":"https:\/\/gedi.nl\/","name":"Gedi","description":"Gedi Flowers and More","publisher":{"@id":"https:\/\/gedi.nl\/#organization"},"potentialAction":[{"@type":"SearchAction","target":{"@type":"EntryPoint","urlTemplate":"https:\/\/gedi.nl\/?s={search_term_string}"},"query-input":{"@type":"PropertyValueSpecification","valueRequired":true,"valueName":"search_term_string"}}],"inLanguage":"de"},{"@type":"Organization","@id":"https:\/\/gedi.nl\/#organization","name":"Gedi","url":"https:\/\/gedi.nl\/","logo":{"@type":"ImageObject","inLanguage":"de","@id":"https:\/\/gedi.nl\/#\/schema\/logo\/image\/","url":"https:\/\/gedi.nl\/wp-content\/uploads\/2026\/03\/Gedi-Logo-2012-nieuw-scaled.png","contentUrl":"https:\/\/gedi.nl\/wp-content\/uploads\/2026\/03\/Gedi-Logo-2012-nieuw-scaled.png","width":2560,"height":1125,"caption":"Gedi"},"image":{"@id":"https:\/\/gedi.nl\/#\/schema\/logo\/image\/"}}]}},"_links":{"self":[{"href":"https:\/\/gedi.nl\/de\/wp-json\/wp\/v2\/pages\/1052","targetHints":{"allow":["GET"]}}],"collection":[{"href":"https:\/\/gedi.nl\/de\/wp-json\/wp\/v2\/pages"}],"about":[{"href":"https:\/\/gedi.nl\/de\/wp-json\/wp\/v2\/types\/page"}],"author":[{"embeddable":true,"href":"https:\/\/gedi.nl\/de\/wp-json\/wp\/v2\/users\/1"}],"replies":[{"embeddable":true,"href":"https:\/\/gedi.nl\/de\/wp-json\/wp\/v2\/comments?post=1052"}],"version-history":[{"count":8,"href":"https:\/\/gedi.nl\/de\/wp-json\/wp\/v2\/pages\/1052\/revisions"}],"predecessor-version":[{"id":1410,"href":"https:\/\/gedi.nl\/de\/wp-json\/wp\/v2\/pages\/1052\/revisions\/1410"}],"wp:attachment":[{"href":"https:\/\/gedi.nl\/de\/wp-json\/wp\/v2\/media?parent=1052"}],"curies":[{"name":"wp","href":"https:\/\/api.w.org\/{rel}","templated":true}]}}