{"id":1049,"date":"2023-05-02T13:19:04","date_gmt":"2023-05-02T13:19:04","guid":{"rendered":"https:\/\/testomgeving.gedi.nl\/blumen\/"},"modified":"2023-07-25T13:19:43","modified_gmt":"2023-07-25T13:19:43","slug":"blumen","status":"publish","type":"page","link":"https:\/\/gedi.nl\/de\/blumen\/","title":{"rendered":"Blumen"},"content":{"rendered":"\t\t<div data-elementor-type=\"wp-page\" data-elementor-id=\"1049\" class=\"elementor elementor-1049 elementor-250\" data-elementor-post-type=\"page\">\n\t\t\t\t<div class=\"elementor-element elementor-element-32b5bca e-flex e-con-boxed e-con e-parent\" data-id=\"32b5bca\" data-element_type=\"container\" data-e-type=\"container\" data-settings=\"{&quot;background_background&quot;:&quot;classic&quot;}\">\n\t\t\t\t\t<div class=\"e-con-inner\">\n\t\t<div class=\"elementor-element elementor-element-5b78041 e-con-full e-flex e-con e-parent\" data-id=\"5b78041\" data-element_type=\"container\" data-e-type=\"container\">\n\t\t\t\t<\/div>\n\t\t\t\t\t<\/div>\n\t\t\t\t<\/div>\n\t\t\t\t<section class=\"elementor-section elementor-top-section elementor-element elementor-element-d44dd6c elementor-section-height-min-height elementor-section-content-middle elementor-section-boxed elementor-section-height-default elementor-section-items-middle\" data-id=\"d44dd6c\" data-element_type=\"section\" data-e-type=\"section\" data-settings=\"{&quot;background_background&quot;:&quot;classic&quot;}\">\n\t\t\t\t\t\t<div class=\"elementor-container elementor-column-gap-no\">\n\t\t\t\t\t<div class=\"elementor-column elementor-col-100 elementor-top-column elementor-element elementor-element-f4db360\" data-id=\"f4db360\" data-element_type=\"column\" data-e-type=\"column\">\n\t\t\t<div class=\"elementor-widget-wrap elementor-element-populated\">\n\t\t\t\t\t\t<div class=\"elementor-element elementor-element-2758b20 elementor-blockquote--skin-clean elementor-blockquote--align-center elementor-widget elementor-widget-blockquote\" data-id=\"2758b20\" data-element_type=\"widget\" data-e-type=\"widget\" data-widget_type=\"blockquote.default\">\n\t\t\t\t<div class=\"elementor-widget-container\">\n\t\t\t\t\t\t\t<blockquote class=\"elementor-blockquote\">\n\t\t\t<p class=\"elementor-blockquote__content\">\n\t\t\t\tBlumen\t\t\t<\/p>\n\t\t\t\t\t<\/blockquote>\n\t\t\t\t\t\t<\/div>\n\t\t\t\t<\/div>\n\t\t\t\t<div class=\"elementor-element elementor-element-24541fe elementor-widget elementor-widget-heading\" data-id=\"24541fe\" data-element_type=\"widget\" data-e-type=\"widget\" data-widget_type=\"heading.default\">\n\t\t\t\t<div class=\"elementor-widget-container\">\n\t\t\t\t\t<h3 class=\"elementor-heading-title elementor-size-default\">Vielseitiges Blumensortiment<\/h3>\t\t\t\t<\/div>\n\t\t\t\t<\/div>\n\t\t\t\t\t<\/div>\n\t\t<\/div>\n\t\t\t\t\t<\/div>\n\t\t<\/section>\n\t\t<div class=\"elementor-element elementor-element-3f50f10 e-flex e-con-boxed e-con e-parent\" data-id=\"3f50f10\" data-element_type=\"container\" data-e-type=\"container\">\n\t\t\t\t\t<div class=\"e-con-inner\">\n\t\t<div class=\"elementor-element elementor-element-90e7b43 e-con-full e-flex e-con e-parent\" data-id=\"90e7b43\" data-element_type=\"container\" data-e-type=\"container\">\n\t\t\t\t<div class=\"elementor-element elementor-element-f1afa2b elementor-hidden-tablet elementor-widget elementor-widget-image\" data-id=\"f1afa2b\" data-element_type=\"widget\" data-e-type=\"widget\" data-widget_type=\"image.default\">\n\t\t\t\t<div class=\"elementor-widget-container\">\n\t\t\t\t\t\t\t\t\t\t\t\t\t\t\t<img fetchpriority=\"high\" decoding=\"async\" width=\"1707\" height=\"1356\" src=\"https:\/\/gedi.nl\/wp-content\/uploads\/2023\/06\/tulip-2021-08-28-12-47-49-utc-scaled-e1687273919217.jpg\" class=\"attachment-full size-full wp-image-912\" alt=\"\" srcset=\"https:\/\/gedi.nl\/wp-content\/uploads\/2023\/06\/tulip-2021-08-28-12-47-49-utc-scaled-e1687273919217.jpg 1707w, https:\/\/gedi.nl\/wp-content\/uploads\/2023\/06\/tulip-2021-08-28-12-47-49-utc-scaled-e1687273919217-300x238.jpg 300w, https:\/\/gedi.nl\/wp-content\/uploads\/2023\/06\/tulip-2021-08-28-12-47-49-utc-scaled-e1687273919217-1024x813.jpg 1024w, https:\/\/gedi.nl\/wp-content\/uploads\/2023\/06\/tulip-2021-08-28-12-47-49-utc-scaled-e1687273919217-768x610.jpg 768w, https:\/\/gedi.nl\/wp-content\/uploads\/2023\/06\/tulip-2021-08-28-12-47-49-utc-scaled-e1687273919217-1536x1220.jpg 1536w\" sizes=\"(max-width: 1707px) 100vw, 1707px\" \/>\t\t\t\t\t\t\t\t\t\t\t\t\t\t\t<\/div>\n\t\t\t\t<\/div>\n\t\t\t\t<\/div>\n\t\t<div class=\"elementor-element elementor-element-9cc965f e-con-full e-flex e-con e-parent\" data-id=\"9cc965f\" data-element_type=\"container\" data-e-type=\"container\">\n\t\t\t\t<div class=\"elementor-element elementor-element-fb20666 elementor-widget elementor-widget-accordion\" data-id=\"fb20666\" data-element_type=\"widget\" data-e-type=\"widget\" data-widget_type=\"accordion.default\">\n\t\t\t\t<div class=\"elementor-widget-container\">\n\t\t\t\t\t\t\t<div class=\"elementor-accordion\">\n\t\t\t\t\t\t\t<div class=\"elementor-accordion-item\">\n\t\t\t\t\t<div id=\"elementor-tab-title-2631\" class=\"elementor-tab-title\" data-tab=\"1\" role=\"button\" aria-controls=\"elementor-tab-content-2631\" aria-expanded=\"false\">\n\t\t\t\t\t\t\t\t\t\t\t\t\t<span class=\"elementor-accordion-icon elementor-accordion-icon-left\" aria-hidden=\"true\">\n\t\t\t\t\t\t\t\t\t\t\t\t\t\t\t<span class=\"elementor-accordion-icon-closed\"><svg class=\"e-font-icon-svg e-fas-plus\" viewBox=\"0 0 448 512\" xmlns=\"http:\/\/www.w3.org\/2000\/svg\"><path d=\"M416 208H272V64c0-17.67-14.33-32-32-32h-32c-17.67 0-32 14.33-32 32v144H32c-17.67 0-32 14.33-32 32v32c0 17.67 14.33 32 32 32h144v144c0 17.67 14.33 32 32 32h32c17.67 0 32-14.33 32-32V304h144c17.67 0 32-14.33 32-32v-32c0-17.67-14.33-32-32-32z\"><\/path><\/svg><\/span>\n\t\t\t\t\t\t\t\t<span class=\"elementor-accordion-icon-opened\"><svg class=\"e-font-icon-svg e-fas-minus\" viewBox=\"0 0 448 512\" xmlns=\"http:\/\/www.w3.org\/2000\/svg\"><path d=\"M416 208H32c-17.67 0-32 14.33-32 32v32c0 17.67 14.33 32 32 32h384c17.67 0 32-14.33 32-32v-32c0-17.67-14.33-32-32-32z\"><\/path><\/svg><\/span>\n\t\t\t\t\t\t\t\t\t\t\t\t\t\t<\/span>\n\t\t\t\t\t\t\t\t\t\t\t\t<a class=\"elementor-accordion-title\" tabindex=\"0\">Akkordeon #1<\/a>\n\t\t\t\t\t<\/div>\n\t\t\t\t\t<div id=\"elementor-tab-content-2631\" class=\"elementor-tab-content elementor-clearfix\" data-tab=\"1\" role=\"region\" aria-labelledby=\"elementor-tab-title-2631\"><p>Lorem ipsum dolor sit amet, consectetur adipiscing elit. Ut elit tellus, luctus nec ullamcorper mattis, pulvinar dapibus leo.<\/p>\n<\/div>\n\t\t\t\t<\/div>\n\t\t\t\t\t\t\t<div class=\"elementor-accordion-item\">\n\t\t\t\t\t<div id=\"elementor-tab-title-2632\" class=\"elementor-tab-title\" data-tab=\"2\" role=\"button\" aria-controls=\"elementor-tab-content-2632\" aria-expanded=\"false\">\n\t\t\t\t\t\t\t\t\t\t\t\t\t<span class=\"elementor-accordion-icon elementor-accordion-icon-left\" aria-hidden=\"true\">\n\t\t\t\t\t\t\t\t\t\t\t\t\t\t\t<span class=\"elementor-accordion-icon-closed\"><svg class=\"e-font-icon-svg e-fas-plus\" viewBox=\"0 0 448 512\" xmlns=\"http:\/\/www.w3.org\/2000\/svg\"><path d=\"M416 208H272V64c0-17.67-14.33-32-32-32h-32c-17.67 0-32 14.33-32 32v144H32c-17.67 0-32 14.33-32 32v32c0 17.67 14.33 32 32 32h144v144c0 17.67 14.33 32 32 32h32c17.67 0 32-14.33 32-32V304h144c17.67 0 32-14.33 32-32v-32c0-17.67-14.33-32-32-32z\"><\/path><\/svg><\/span>\n\t\t\t\t\t\t\t\t<span class=\"elementor-accordion-icon-opened\"><svg class=\"e-font-icon-svg e-fas-minus\" viewBox=\"0 0 448 512\" xmlns=\"http:\/\/www.w3.org\/2000\/svg\"><path d=\"M416 208H32c-17.67 0-32 14.33-32 32v32c0 17.67 14.33 32 32 32h384c17.67 0 32-14.33 32-32v-32c0-17.67-14.33-32-32-32z\"><\/path><\/svg><\/span>\n\t\t\t\t\t\t\t\t\t\t\t\t\t\t<\/span>\n\t\t\t\t\t\t\t\t\t\t\t\t<a class=\"elementor-accordion-title\" tabindex=\"0\">Vielseitiges Angebot<\/a>\n\t\t\t\t\t<\/div>\n\t\t\t\t\t<div id=\"elementor-tab-content-2632\" class=\"elementor-tab-content elementor-clearfix\" data-tab=\"2\" role=\"region\" aria-labelledby=\"elementor-tab-title-2632\"><p>Ganzj\u00e4hriges Sortiment, saisonale Angebote und Neuheiten.<\/p>\n<\/div>\n\t\t\t\t<\/div>\n\t\t\t\t\t\t\t<div class=\"elementor-accordion-item\">\n\t\t\t\t\t<div id=\"elementor-tab-title-2633\" class=\"elementor-tab-title\" data-tab=\"3\" role=\"button\" aria-controls=\"elementor-tab-content-2633\" aria-expanded=\"false\">\n\t\t\t\t\t\t\t\t\t\t\t\t\t<span class=\"elementor-accordion-icon elementor-accordion-icon-left\" aria-hidden=\"true\">\n\t\t\t\t\t\t\t\t\t\t\t\t\t\t\t<span class=\"elementor-accordion-icon-closed\"><svg class=\"e-font-icon-svg e-fas-plus\" viewBox=\"0 0 448 512\" xmlns=\"http:\/\/www.w3.org\/2000\/svg\"><path d=\"M416 208H272V64c0-17.67-14.33-32-32-32h-32c-17.67 0-32 14.33-32 32v144H32c-17.67 0-32 14.33-32 32v32c0 17.67 14.33 32 32 32h144v144c0 17.67 14.33 32 32 32h32c17.67 0 32-14.33 32-32V304h144c17.67 0 32-14.33 32-32v-32c0-17.67-14.33-32-32-32z\"><\/path><\/svg><\/span>\n\t\t\t\t\t\t\t\t<span class=\"elementor-accordion-icon-opened\"><svg class=\"e-font-icon-svg e-fas-minus\" viewBox=\"0 0 448 512\" xmlns=\"http:\/\/www.w3.org\/2000\/svg\"><path d=\"M416 208H32c-17.67 0-32 14.33-32 32v32c0 17.67 14.33 32 32 32h384c17.67 0 32-14.33 32-32v-32c0-17.67-14.33-32-32-32z\"><\/path><\/svg><\/span>\n\t\t\t\t\t\t\t\t\t\t\t\t\t\t<\/span>\n\t\t\t\t\t\t\t\t\t\t\t\t<a class=\"elementor-accordion-title\" tabindex=\"0\">Die beste Qualit\u00e4t<\/a>\n\t\t\t\t\t<\/div>\n\t\t\t\t\t<div id=\"elementor-tab-content-2633\" class=\"elementor-tab-content elementor-clearfix\" data-tab=\"3\" role=\"region\" aria-labelledby=\"elementor-tab-title-2633\"><p>Durch Global Sourcing ist das richtige Produkt jederzeit verf\u00fcgbar.<\/p>\n<\/div>\n\t\t\t\t<\/div>\n\t\t\t\t\t\t\t<div class=\"elementor-accordion-item\">\n\t\t\t\t\t<div id=\"elementor-tab-title-2634\" class=\"elementor-tab-title\" data-tab=\"4\" role=\"button\" aria-controls=\"elementor-tab-content-2634\" aria-expanded=\"false\">\n\t\t\t\t\t\t\t\t\t\t\t\t\t<span class=\"elementor-accordion-icon elementor-accordion-icon-left\" aria-hidden=\"true\">\n\t\t\t\t\t\t\t\t\t\t\t\t\t\t\t<span class=\"elementor-accordion-icon-closed\"><svg class=\"e-font-icon-svg e-fas-plus\" viewBox=\"0 0 448 512\" xmlns=\"http:\/\/www.w3.org\/2000\/svg\"><path d=\"M416 208H272V64c0-17.67-14.33-32-32-32h-32c-17.67 0-32 14.33-32 32v144H32c-17.67 0-32 14.33-32 32v32c0 17.67 14.33 32 32 32h144v144c0 17.67 14.33 32 32 32h32c17.67 0 32-14.33 32-32V304h144c17.67 0 32-14.33 32-32v-32c0-17.67-14.33-32-32-32z\"><\/path><\/svg><\/span>\n\t\t\t\t\t\t\t\t<span class=\"elementor-accordion-icon-opened\"><svg class=\"e-font-icon-svg e-fas-minus\" viewBox=\"0 0 448 512\" xmlns=\"http:\/\/www.w3.org\/2000\/svg\"><path d=\"M416 208H32c-17.67 0-32 14.33-32 32v32c0 17.67 14.33 32 32 32h384c17.67 0 32-14.33 32-32v-32c0-17.67-14.33-32-32-32z\"><\/path><\/svg><\/span>\n\t\t\t\t\t\t\t\t\t\t\t\t\t\t<\/span>\n\t\t\t\t\t\t\t\t\t\t\t\t<a class=\"elementor-accordion-title\" tabindex=\"0\">Von den besten G\u00e4rtnern<\/a>\n\t\t\t\t\t<\/div>\n\t\t\t\t\t<div id=\"elementor-tab-content-2634\" class=\"elementor-tab-content elementor-clearfix\" data-tab=\"4\" role=\"region\" aria-labelledby=\"elementor-tab-title-2634\"><p>Unsere bevorzugten Lieferanten sind sorgf\u00e4ltig ausgew\u00e4hlte Fachleute, die die richtigen Produktspezifikationen, Qualit\u00e4t und Verf\u00fcgbarkeit garantieren.<\/p><\/div>\n\t\t\t\t<\/div>\n\t\t\t\t\t\t\t<div class=\"elementor-accordion-item\">\n\t\t\t\t\t<div id=\"elementor-tab-title-2635\" class=\"elementor-tab-title\" data-tab=\"5\" role=\"button\" aria-controls=\"elementor-tab-content-2635\" aria-expanded=\"false\">\n\t\t\t\t\t\t\t\t\t\t\t\t\t<span class=\"elementor-accordion-icon elementor-accordion-icon-left\" aria-hidden=\"true\">\n\t\t\t\t\t\t\t\t\t\t\t\t\t\t\t<span class=\"elementor-accordion-icon-closed\"><svg class=\"e-font-icon-svg e-fas-plus\" viewBox=\"0 0 448 512\" xmlns=\"http:\/\/www.w3.org\/2000\/svg\"><path d=\"M416 208H272V64c0-17.67-14.33-32-32-32h-32c-17.67 0-32 14.33-32 32v144H32c-17.67 0-32 14.33-32 32v32c0 17.67 14.33 32 32 32h144v144c0 17.67 14.33 32 32 32h32c17.67 0 32-14.33 32-32V304h144c17.67 0 32-14.33 32-32v-32c0-17.67-14.33-32-32-32z\"><\/path><\/svg><\/span>\n\t\t\t\t\t\t\t\t<span class=\"elementor-accordion-icon-opened\"><svg class=\"e-font-icon-svg e-fas-minus\" viewBox=\"0 0 448 512\" xmlns=\"http:\/\/www.w3.org\/2000\/svg\"><path d=\"M416 208H32c-17.67 0-32 14.33-32 32v32c0 17.67 14.33 32 32 32h384c17.67 0 32-14.33 32-32v-32c0-17.67-14.33-32-32-32z\"><\/path><\/svg><\/span>\n\t\t\t\t\t\t\t\t\t\t\t\t\t\t<\/span>\n\t\t\t\t\t\t\t\t\t\t\t\t<a class=\"elementor-accordion-title\" tabindex=\"0\">Abwechslungsreich<\/a>\n\t\t\t\t\t<\/div>\n\t\t\t\t\t<div id=\"elementor-tab-content-2635\" class=\"elementor-tab-content elementor-clearfix\" data-tab=\"5\" role=\"region\" aria-labelledby=\"elementor-tab-title-2635\"><p>Die Produktentwicklung schafft es immer wieder, mit trendigem, aktuellem und zeitgem\u00e4\u00dfem Design zu \u00fcberraschen.<\/p>\n<\/div>\n\t\t\t\t<\/div>\n\t\t\t\t\t\t\t\t<\/div>\n\t\t\t\t\t\t<\/div>\n\t\t\t\t<\/div>\n\t\t\t\t<\/div>\n\t\t\t\t\t<\/div>\n\t\t\t\t<\/div>\n\t\t\t\t<section class=\"elementor-section elementor-top-section elementor-element elementor-element-a8c3a33 elementor-section-content-middle elementor-reverse-tablet elementor-reverse-mobile elementor-section-boxed elementor-section-height-default elementor-section-height-default\" data-id=\"a8c3a33\" data-element_type=\"section\" data-e-type=\"section\">\n\t\t\t\t\t\t<div class=\"elementor-container elementor-column-gap-no\">\n\t\t\t\t\t<div class=\"elementor-column elementor-col-50 elementor-top-column elementor-element elementor-element-30e6264\" data-id=\"30e6264\" data-element_type=\"column\" data-e-type=\"column\">\n\t\t\t<div class=\"elementor-widget-wrap elementor-element-populated\">\n\t\t\t\t\t\t<div class=\"elementor-element elementor-element-2ef58b6 elementor-widget elementor-widget-heading\" data-id=\"2ef58b6\" data-element_type=\"widget\" data-e-type=\"widget\" data-widget_type=\"heading.default\">\n\t\t\t\t<div class=\"elementor-widget-container\">\n\t\t\t\t\t<h2 class=\"elementor-heading-title elementor-size-default\">Floristik und Produktentwicklung\n<\/h2>\t\t\t\t<\/div>\n\t\t\t\t<\/div>\n\t\t\t\t<div class=\"elementor-element elementor-element-7684b87 elementor-widget elementor-widget-text-editor\" data-id=\"7684b87\" data-element_type=\"widget\" data-e-type=\"widget\" data-widget_type=\"text-editor.default\">\n\t\t\t\t<div class=\"elementor-widget-container\">\n\t\t\t\t\t\t\t\t\t<p>T\u00e4glich neue Kreationen und die M\u00f6glichkeit der individuellen Gestaltung.<\/p>\n<p>In unserer hauseigenen Blumenbinderei kreieren wir t\u00e4glich Hunderte von Str\u00e4u\u00dfen, die auf die Bed\u00fcrfnisse und W\u00fcnsche unserer Kunden und ihrer M\u00e4rkte abgestimmt sind. Unsere floristischen Mitarbeiterinnen kreieren t\u00e4glich neue Str\u00e4u\u00dfe und Arrangements, je nach Verf\u00fcgbarkeit, Preisniveau und Marktnachfrage. Die Str\u00e4u\u00dfe in verschiedenen Gr\u00f6\u00dfen werden mit einer modernen Banderole, einem Sticker und je nach Wunsch des Kunden mit weiteren Dekoelementen versehen.&nbsp;Unsere Mitarbeiter sind \u00fcber globale Trends, Entwicklungen und Feiertage auf dem Laufenden. Dadurch hat GEDI B.V. immer ein trendiges, attraktives und innovatives Sortiment.<\/p>\t\t\t\t\t\t\t\t<\/div>\n\t\t\t\t<\/div>\n\t\t\t\t\t<\/div>\n\t\t<\/div>\n\t\t\t\t<div class=\"elementor-column elementor-col-50 elementor-top-column elementor-element elementor-element-e8f2c0c\" data-id=\"e8f2c0c\" data-element_type=\"column\" data-e-type=\"column\">\n\t\t\t<div class=\"elementor-widget-wrap elementor-element-populated\">\n\t\t\t\t\t\t<div class=\"elementor-element elementor-element-29b39f6 elementor-widget elementor-widget-image\" data-id=\"29b39f6\" data-element_type=\"widget\" data-e-type=\"widget\" data-widget_type=\"image.default\">\n\t\t\t\t<div class=\"elementor-widget-container\">\n\t\t\t\t\t\t\t\t\t\t\t\t\t\t\t<img decoding=\"async\" width=\"2560\" height=\"1706\" src=\"https:\/\/gedi.nl\/wp-content\/uploads\/2023\/04\/florist-tying-boquet-2021-09-24-03-50-06-utc-1-scaled.jpg\" class=\"attachment-full size-full wp-image-868\" alt=\"\" srcset=\"https:\/\/gedi.nl\/wp-content\/uploads\/2023\/04\/florist-tying-boquet-2021-09-24-03-50-06-utc-1-scaled.jpg 2560w, https:\/\/gedi.nl\/wp-content\/uploads\/2023\/04\/florist-tying-boquet-2021-09-24-03-50-06-utc-1-300x200.jpg 300w, https:\/\/gedi.nl\/wp-content\/uploads\/2023\/04\/florist-tying-boquet-2021-09-24-03-50-06-utc-1-1024x683.jpg 1024w, https:\/\/gedi.nl\/wp-content\/uploads\/2023\/04\/florist-tying-boquet-2021-09-24-03-50-06-utc-1-768x512.jpg 768w, https:\/\/gedi.nl\/wp-content\/uploads\/2023\/04\/florist-tying-boquet-2021-09-24-03-50-06-utc-1-1536x1024.jpg 1536w, https:\/\/gedi.nl\/wp-content\/uploads\/2023\/04\/florist-tying-boquet-2021-09-24-03-50-06-utc-1-2048x1365.jpg 2048w\" sizes=\"(max-width: 2560px) 100vw, 2560px\" \/>\t\t\t\t\t\t\t\t\t\t\t\t\t\t\t<\/div>\n\t\t\t\t<\/div>\n\t\t\t\t\t<\/div>\n\t\t<\/div>\n\t\t\t\t\t<\/div>\n\t\t<\/section>\n\t\t\t\t<\/div>\n\t\t","protected":false},"excerpt":{"rendered":"<p>Blumen Vielseitiges Blumensortiment Akkordeon #1 Lorem ipsum dolor sit amet, consectetur adipiscing elit. Ut elit tellus, luctus nec ullamcorper mattis, pulvinar dapibus leo. Vielseitiges Angebot Ganzj\u00e4hriges Sortiment, saisonale Angebote und Neuheiten. Die beste Qualit\u00e4t Durch Global Sourcing ist das richtige Produkt jederzeit verf\u00fcgbar. Von den besten G\u00e4rtnern Unsere bevorzugten Lieferanten sind sorgf\u00e4ltig ausgew\u00e4hlte Fachleute, die [&hellip;]<\/p>\n","protected":false},"author":1,"featured_media":0,"parent":0,"menu_order":0,"comment_status":"closed","ping_status":"closed","template":"elementor_header_footer","meta":{"footnotes":""},"class_list":["post-1049","page","type-page","status-publish","hentry"],"yoast_head":"<!-- This site is optimized with the Yoast SEO plugin v27.4 - https:\/\/yoast.com\/product\/yoast-seo-wordpress\/ -->\n<title>Blumen - Gedi<\/title>\n<meta name=\"robots\" content=\"index, follow, max-snippet:-1, max-image-preview:large, max-video-preview:-1\" \/>\n<link rel=\"canonical\" href=\"https:\/\/gedi.nl\/de\/blumen\/\" \/>\n<meta property=\"og:locale\" content=\"de_DE\" \/>\n<meta property=\"og:type\" content=\"article\" \/>\n<meta property=\"og:title\" content=\"Blumen - Gedi\" \/>\n<meta property=\"og:description\" content=\"Blumen Vielseitiges Blumensortiment Akkordeon #1 Lorem ipsum dolor sit amet, consectetur adipiscing elit. Ut elit tellus, luctus nec ullamcorper mattis, pulvinar dapibus leo. Vielseitiges Angebot Ganzj\u00e4hriges Sortiment, saisonale Angebote und Neuheiten. Die beste Qualit\u00e4t Durch Global Sourcing ist das richtige Produkt jederzeit verf\u00fcgbar. Von den besten G\u00e4rtnern Unsere bevorzugten Lieferanten sind sorgf\u00e4ltig ausgew\u00e4hlte Fachleute, die [&hellip;]\" \/>\n<meta property=\"og:url\" content=\"https:\/\/gedi.nl\/de\/blumen\/\" \/>\n<meta property=\"og:site_name\" content=\"Gedi\" \/>\n<meta property=\"article:modified_time\" content=\"2023-07-25T13:19:43+00:00\" \/>\n<meta property=\"og:image\" content=\"https:\/\/gedi.nl\/wp-content\/uploads\/2023\/06\/tulip-2021-08-28-12-47-49-utc-scaled-e1687273919217.jpg\" \/>\n<meta name=\"twitter:card\" content=\"summary_large_image\" \/>\n<meta name=\"twitter:label1\" content=\"Gesch\u00e4tzte Lesezeit\" \/>\n\t<meta name=\"twitter:data1\" content=\"2\u00a0Minuten\" \/>\n<script type=\"application\/ld+json\" class=\"yoast-schema-graph\">{\"@context\":\"https:\\\/\\\/schema.org\",\"@graph\":[{\"@type\":\"WebPage\",\"@id\":\"https:\\\/\\\/gedi.nl\\\/de\\\/blumen\\\/\",\"url\":\"https:\\\/\\\/gedi.nl\\\/de\\\/blumen\\\/\",\"name\":\"Blumen - Gedi\",\"isPartOf\":{\"@id\":\"https:\\\/\\\/gedi.nl\\\/#website\"},\"primaryImageOfPage\":{\"@id\":\"https:\\\/\\\/gedi.nl\\\/de\\\/blumen\\\/#primaryimage\"},\"image\":{\"@id\":\"https:\\\/\\\/gedi.nl\\\/de\\\/blumen\\\/#primaryimage\"},\"thumbnailUrl\":\"https:\\\/\\\/gedi.nl\\\/wp-content\\\/uploads\\\/2023\\\/06\\\/tulip-2021-08-28-12-47-49-utc-scaled-e1687273919217.jpg\",\"datePublished\":\"2023-05-02T13:19:04+00:00\",\"dateModified\":\"2023-07-25T13:19:43+00:00\",\"breadcrumb\":{\"@id\":\"https:\\\/\\\/gedi.nl\\\/de\\\/blumen\\\/#breadcrumb\"},\"inLanguage\":\"de\",\"potentialAction\":[{\"@type\":\"ReadAction\",\"target\":[\"https:\\\/\\\/gedi.nl\\\/de\\\/blumen\\\/\"]}]},{\"@type\":\"ImageObject\",\"inLanguage\":\"de\",\"@id\":\"https:\\\/\\\/gedi.nl\\\/de\\\/blumen\\\/#primaryimage\",\"url\":\"https:\\\/\\\/gedi.nl\\\/wp-content\\\/uploads\\\/2023\\\/06\\\/tulip-2021-08-28-12-47-49-utc-scaled-e1687273919217.jpg\",\"contentUrl\":\"https:\\\/\\\/gedi.nl\\\/wp-content\\\/uploads\\\/2023\\\/06\\\/tulip-2021-08-28-12-47-49-utc-scaled-e1687273919217.jpg\"},{\"@type\":\"BreadcrumbList\",\"@id\":\"https:\\\/\\\/gedi.nl\\\/de\\\/blumen\\\/#breadcrumb\",\"itemListElement\":[{\"@type\":\"ListItem\",\"position\":1,\"name\":\"Home\",\"item\":\"https:\\\/\\\/gedi.nl\\\/de\\\/\"},{\"@type\":\"ListItem\",\"position\":2,\"name\":\"Blumen\"}]},{\"@type\":\"WebSite\",\"@id\":\"https:\\\/\\\/gedi.nl\\\/#website\",\"url\":\"https:\\\/\\\/gedi.nl\\\/\",\"name\":\"Gedi\",\"description\":\"Gedi Flowers and More\",\"publisher\":{\"@id\":\"https:\\\/\\\/gedi.nl\\\/#organization\"},\"potentialAction\":[{\"@type\":\"SearchAction\",\"target\":{\"@type\":\"EntryPoint\",\"urlTemplate\":\"https:\\\/\\\/gedi.nl\\\/?s={search_term_string}\"},\"query-input\":{\"@type\":\"PropertyValueSpecification\",\"valueRequired\":true,\"valueName\":\"search_term_string\"}}],\"inLanguage\":\"de\"},{\"@type\":\"Organization\",\"@id\":\"https:\\\/\\\/gedi.nl\\\/#organization\",\"name\":\"Gedi\",\"url\":\"https:\\\/\\\/gedi.nl\\\/\",\"logo\":{\"@type\":\"ImageObject\",\"inLanguage\":\"de\",\"@id\":\"https:\\\/\\\/gedi.nl\\\/#\\\/schema\\\/logo\\\/image\\\/\",\"url\":\"https:\\\/\\\/gedi.nl\\\/wp-content\\\/uploads\\\/2026\\\/03\\\/Gedi-Logo-2012-nieuw-scaled.png\",\"contentUrl\":\"https:\\\/\\\/gedi.nl\\\/wp-content\\\/uploads\\\/2026\\\/03\\\/Gedi-Logo-2012-nieuw-scaled.png\",\"width\":2560,\"height\":1125,\"caption\":\"Gedi\"},\"image\":{\"@id\":\"https:\\\/\\\/gedi.nl\\\/#\\\/schema\\\/logo\\\/image\\\/\"}}]}<\/script>\n<!-- \/ Yoast SEO plugin. -->","yoast_head_json":{"title":"Blumen - Gedi","robots":{"index":"index","follow":"follow","max-snippet":"max-snippet:-1","max-image-preview":"max-image-preview:large","max-video-preview":"max-video-preview:-1"},"canonical":"https:\/\/gedi.nl\/de\/blumen\/","og_locale":"de_DE","og_type":"article","og_title":"Blumen - Gedi","og_description":"Blumen Vielseitiges Blumensortiment Akkordeon #1 Lorem ipsum dolor sit amet, consectetur adipiscing elit. Ut elit tellus, luctus nec ullamcorper mattis, pulvinar dapibus leo. Vielseitiges Angebot Ganzj\u00e4hriges Sortiment, saisonale Angebote und Neuheiten. Die beste Qualit\u00e4t Durch Global Sourcing ist das richtige Produkt jederzeit verf\u00fcgbar. Von den besten G\u00e4rtnern Unsere bevorzugten Lieferanten sind sorgf\u00e4ltig ausgew\u00e4hlte Fachleute, die [&hellip;]","og_url":"https:\/\/gedi.nl\/de\/blumen\/","og_site_name":"Gedi","article_modified_time":"2023-07-25T13:19:43+00:00","og_image":[{"url":"https:\/\/gedi.nl\/wp-content\/uploads\/2023\/06\/tulip-2021-08-28-12-47-49-utc-scaled-e1687273919217.jpg","type":"","width":"","height":""}],"twitter_card":"summary_large_image","twitter_misc":{"Gesch\u00e4tzte Lesezeit":"2\u00a0Minuten"},"schema":{"@context":"https:\/\/schema.org","@graph":[{"@type":"WebPage","@id":"https:\/\/gedi.nl\/de\/blumen\/","url":"https:\/\/gedi.nl\/de\/blumen\/","name":"Blumen - Gedi","isPartOf":{"@id":"https:\/\/gedi.nl\/#website"},"primaryImageOfPage":{"@id":"https:\/\/gedi.nl\/de\/blumen\/#primaryimage"},"image":{"@id":"https:\/\/gedi.nl\/de\/blumen\/#primaryimage"},"thumbnailUrl":"https:\/\/gedi.nl\/wp-content\/uploads\/2023\/06\/tulip-2021-08-28-12-47-49-utc-scaled-e1687273919217.jpg","datePublished":"2023-05-02T13:19:04+00:00","dateModified":"2023-07-25T13:19:43+00:00","breadcrumb":{"@id":"https:\/\/gedi.nl\/de\/blumen\/#breadcrumb"},"inLanguage":"de","potentialAction":[{"@type":"ReadAction","target":["https:\/\/gedi.nl\/de\/blumen\/"]}]},{"@type":"ImageObject","inLanguage":"de","@id":"https:\/\/gedi.nl\/de\/blumen\/#primaryimage","url":"https:\/\/gedi.nl\/wp-content\/uploads\/2023\/06\/tulip-2021-08-28-12-47-49-utc-scaled-e1687273919217.jpg","contentUrl":"https:\/\/gedi.nl\/wp-content\/uploads\/2023\/06\/tulip-2021-08-28-12-47-49-utc-scaled-e1687273919217.jpg"},{"@type":"BreadcrumbList","@id":"https:\/\/gedi.nl\/de\/blumen\/#breadcrumb","itemListElement":[{"@type":"ListItem","position":1,"name":"Home","item":"https:\/\/gedi.nl\/de\/"},{"@type":"ListItem","position":2,"name":"Blumen"}]},{"@type":"WebSite","@id":"https:\/\/gedi.nl\/#website","url":"https:\/\/gedi.nl\/","name":"Gedi","description":"Gedi Flowers and More","publisher":{"@id":"https:\/\/gedi.nl\/#organization"},"potentialAction":[{"@type":"SearchAction","target":{"@type":"EntryPoint","urlTemplate":"https:\/\/gedi.nl\/?s={search_term_string}"},"query-input":{"@type":"PropertyValueSpecification","valueRequired":true,"valueName":"search_term_string"}}],"inLanguage":"de"},{"@type":"Organization","@id":"https:\/\/gedi.nl\/#organization","name":"Gedi","url":"https:\/\/gedi.nl\/","logo":{"@type":"ImageObject","inLanguage":"de","@id":"https:\/\/gedi.nl\/#\/schema\/logo\/image\/","url":"https:\/\/gedi.nl\/wp-content\/uploads\/2026\/03\/Gedi-Logo-2012-nieuw-scaled.png","contentUrl":"https:\/\/gedi.nl\/wp-content\/uploads\/2026\/03\/Gedi-Logo-2012-nieuw-scaled.png","width":2560,"height":1125,"caption":"Gedi"},"image":{"@id":"https:\/\/gedi.nl\/#\/schema\/logo\/image\/"}}]}},"_links":{"self":[{"href":"https:\/\/gedi.nl\/de\/wp-json\/wp\/v2\/pages\/1049","targetHints":{"allow":["GET"]}}],"collection":[{"href":"https:\/\/gedi.nl\/de\/wp-json\/wp\/v2\/pages"}],"about":[{"href":"https:\/\/gedi.nl\/de\/wp-json\/wp\/v2\/types\/page"}],"author":[{"embeddable":true,"href":"https:\/\/gedi.nl\/de\/wp-json\/wp\/v2\/users\/1"}],"replies":[{"embeddable":true,"href":"https:\/\/gedi.nl\/de\/wp-json\/wp\/v2\/comments?post=1049"}],"version-history":[{"count":11,"href":"https:\/\/gedi.nl\/de\/wp-json\/wp\/v2\/pages\/1049\/revisions"}],"predecessor-version":[{"id":1480,"href":"https:\/\/gedi.nl\/de\/wp-json\/wp\/v2\/pages\/1049\/revisions\/1480"}],"wp:attachment":[{"href":"https:\/\/gedi.nl\/de\/wp-json\/wp\/v2\/media?parent=1049"}],"curies":[{"name":"wp","href":"https:\/\/api.w.org\/{rel}","templated":true}]}}