{"id":1020,"date":"2023-05-04T14:47:23","date_gmt":"2023-05-04T14:47:23","guid":{"rendered":"https:\/\/testomgeving.gedi.nl\/floriginals\/"},"modified":"2023-07-12T07:22:20","modified_gmt":"2023-07-12T07:22:20","slug":"floriginals","status":"publish","type":"page","link":"https:\/\/gedi.nl\/de\/floriginals\/","title":{"rendered":"Floriginals"},"content":{"rendered":"\t\t<div data-elementor-type=\"wp-page\" data-elementor-id=\"1020\" class=\"elementor elementor-1020 elementor-328\" data-elementor-post-type=\"page\">\n\t\t\t\t<div class=\"elementor-element elementor-element-32b5bca e-flex e-con-boxed e-con e-parent\" data-id=\"32b5bca\" data-element_type=\"container\" data-e-type=\"container\" data-settings=\"{&quot;background_background&quot;:&quot;classic&quot;}\">\n\t\t\t\t\t<div class=\"e-con-inner\">\n\t\t<div class=\"elementor-element elementor-element-5b78041 e-con-full e-flex e-con e-parent\" data-id=\"5b78041\" data-element_type=\"container\" data-e-type=\"container\">\n\t\t\t\t<\/div>\n\t\t\t\t\t<\/div>\n\t\t\t\t<\/div>\n\t\t\t\t<section class=\"elementor-section elementor-top-section elementor-element elementor-element-64d6035 elementor-section-height-min-height elementor-section-content-middle elementor-section-boxed elementor-section-height-default elementor-section-items-middle\" data-id=\"64d6035\" data-element_type=\"section\" data-e-type=\"section\" data-settings=\"{&quot;background_background&quot;:&quot;classic&quot;}\">\n\t\t\t\t\t\t<div class=\"elementor-container elementor-column-gap-no\">\n\t\t\t\t\t<div class=\"elementor-column elementor-col-100 elementor-top-column elementor-element elementor-element-467acb3\" data-id=\"467acb3\" data-element_type=\"column\" data-e-type=\"column\">\n\t\t\t<div class=\"elementor-widget-wrap elementor-element-populated\">\n\t\t\t\t\t\t<div class=\"elementor-element elementor-element-3805e63 elementor-blockquote--skin-clean elementor-blockquote--align-center elementor-widget elementor-widget-blockquote\" data-id=\"3805e63\" data-element_type=\"widget\" data-e-type=\"widget\" data-widget_type=\"blockquote.default\">\n\t\t\t\t<div class=\"elementor-widget-container\">\n\t\t\t\t\t\t\t<blockquote class=\"elementor-blockquote\">\n\t\t\t<p class=\"elementor-blockquote__content\">\n\t\t\t\tFloriginals\u00ae\t\t\t<\/p>\n\t\t\t\t\t<\/blockquote>\n\t\t\t\t\t\t<\/div>\n\t\t\t\t<\/div>\n\t\t\t\t<div class=\"elementor-element elementor-element-af276fa elementor-widget elementor-widget-heading\" data-id=\"af276fa\" data-element_type=\"widget\" data-e-type=\"widget\" data-widget_type=\"heading.default\">\n\t\t\t\t<div class=\"elementor-widget-container\">\n\t\t\t\t\t<h3 class=\"elementor-heading-title elementor-size-default\">DIE SCH\u00d6NSTEN BLUMEN!<\/h3>\t\t\t\t<\/div>\n\t\t\t\t<\/div>\n\t\t\t\t\t<\/div>\n\t\t<\/div>\n\t\t\t\t\t<\/div>\n\t\t<\/section>\n\t\t<div class=\"elementor-element elementor-element-0b83e48 e-flex e-con-boxed e-con e-parent\" data-id=\"0b83e48\" data-element_type=\"container\" data-e-type=\"container\">\n\t\t\t\t\t<div class=\"e-con-inner\">\n\t\t<div class=\"elementor-element elementor-element-075d5f2 e-con-full e-flex e-con e-parent\" data-id=\"075d5f2\" data-element_type=\"container\" data-e-type=\"container\">\n\t\t\t\t<div class=\"elementor-element elementor-element-c708b34 elementor-widget elementor-widget-heading\" data-id=\"c708b34\" data-element_type=\"widget\" data-e-type=\"widget\" data-widget_type=\"heading.default\">\n\t\t\t\t<div class=\"elementor-widget-container\">\n\t\t\t\t\t<h2 class=\"elementor-heading-title elementor-size-default\">Floriginals\u00ae ist unsere Premium-Schnittblumenmarke.<\/h2>\t\t\t\t<\/div>\n\t\t\t\t<\/div>\n\t\t\t\t<div class=\"elementor-element elementor-element-edbc025 elementor-widget-tablet__width-initial elementor-widget elementor-widget-text-editor\" data-id=\"edbc025\" data-element_type=\"widget\" data-e-type=\"widget\" data-widget_type=\"text-editor.default\">\n\t\t\t\t<div class=\"elementor-widget-container\">\n\t\t\t\t\t\t\t\t\t<p>Floriginals\u00ae bietet eine aktuelle und saisonale Auswahl an Schnittblumen von bester Qualit\u00e4t, mit optimaler Frische und sehr guter Haltbarkeit in der Vase. Dar\u00fcber hinaus bietet Floriginals\u00ae die Sicherheit, dass die Schnittblumen mit Respekt f\u00fcr Mensch und Umwelt geliefert werden.<\/p><p>Die Schnittblumen von Floriginals\u00ae sehen genauso hochwertig aus wie vom Floristen. Unsere floristischen Mitarbeiterinnen w\u00e4hlen diese erstklassigen Schnittblumen in luxuri\u00f6ser Verpackung speziell f\u00fcr Sie aus.<\/p><p>Das vierbl\u00e4ttrige Kleeblatt von Floriginals\u00ae steht f\u00fcr Hoffnung, Vertrauen, Liebe und Gl\u00fcck. Nat\u00fcrlich!<\/p><p>Momente und Gef\u00fchle, die nach Blumen verlangen!<\/p>\t\t\t\t\t\t\t\t<\/div>\n\t\t\t\t<\/div>\n\t\t\t\t<\/div>\n\t\t<div class=\"elementor-element elementor-element-2be3445 e-con-full e-flex e-con e-parent\" data-id=\"2be3445\" data-element_type=\"container\" data-e-type=\"container\" data-settings=\"{&quot;background_background&quot;:&quot;classic&quot;}\">\n\t\t\t\t<\/div>\n\t\t\t\t\t<\/div>\n\t\t\t\t<\/div>\n\t\t<div class=\"elementor-element elementor-element-992f0d4 e-flex e-con-boxed e-con e-parent\" data-id=\"992f0d4\" data-element_type=\"container\" data-e-type=\"container\">\n\t\t\t\t\t<div class=\"e-con-inner\">\n\t\t<div class=\"elementor-element elementor-element-bb08256 e-con-full e-flex e-con e-parent\" data-id=\"bb08256\" data-element_type=\"container\" data-e-type=\"container\">\n\t\t\t\t<div class=\"elementor-element elementor-element-bbe6693 elementor-widget elementor-widget-heading\" data-id=\"bbe6693\" data-element_type=\"widget\" data-e-type=\"widget\" data-widget_type=\"heading.default\">\n\t\t\t\t<div class=\"elementor-widget-container\">\n\t\t\t\t\t<h2 class=\"elementor-heading-title elementor-size-default\">Sch\u00f6n und frisch!<\/h2>\t\t\t\t<\/div>\n\t\t\t\t<\/div>\n\t\t\t\t<div class=\"elementor-element elementor-element-0e18981 elementor-widget elementor-widget-text-editor\" data-id=\"0e18981\" data-element_type=\"widget\" data-e-type=\"widget\" data-widget_type=\"text-editor.default\">\n\t\t\t\t<div class=\"elementor-widget-container\">\n\t\t\t\t\t\t\t\t\t<p>Floriginals\u00ae, ideal als Geschenk, aber auch f\u00fcr den eigenen Gebrauch!<\/p>\t\t\t\t\t\t\t\t<\/div>\n\t\t\t\t<\/div>\n\t\t\t\t<div class=\"elementor-element elementor-element-c4c51fa elementor-widget elementor-widget-heading\" data-id=\"c4c51fa\" data-element_type=\"widget\" data-e-type=\"widget\" data-widget_type=\"heading.default\">\n\t\t\t\t<div class=\"elementor-widget-container\">\n\t\t\t\t\t<h2 class=\"elementor-heading-title elementor-size-default\">Hochwertige Qualit\u00e4t  <\/h2>\t\t\t\t<\/div>\n\t\t\t\t<\/div>\n\t\t\t\t<div class=\"elementor-element elementor-element-56471c4 elementor-widget elementor-widget-text-editor\" data-id=\"56471c4\" data-element_type=\"widget\" data-e-type=\"widget\" data-widget_type=\"text-editor.default\">\n\t\t\t\t<div class=\"elementor-widget-container\">\n\t\t\t\t\t\t\t\t\t<p>Das Floriginals\u00ae-Konzept besteht aus qualitativ hochwertigen Blumen von MPS-zertifizierten Z\u00fcchtern<\/p>\n<p>Floriginals\u00ae ist die Qualit\u00e4tsl\u00f6sung f\u00fcr den Einzelhandel!<\/p>\n<p>Frisch, nat\u00fcrlich und ehrlich!<\/p>\n\t\t\t\t\t\t\t\t<\/div>\n\t\t\t\t<\/div>\n\t\t\t\t<\/div>\n\t\t<div class=\"elementor-element elementor-element-951d884 e-con-full e-flex e-con e-parent\" data-id=\"951d884\" data-element_type=\"container\" data-e-type=\"container\" data-settings=\"{&quot;background_background&quot;:&quot;classic&quot;}\">\n\t\t\t\t<\/div>\n\t\t\t\t\t<\/div>\n\t\t\t\t<\/div>\n\t\t\t\t<\/div>\n\t\t","protected":false},"excerpt":{"rendered":"<p>Floriginals\u00ae DIE SCH\u00d6NSTEN BLUMEN! Floriginals\u00ae ist unsere Premium-Schnittblumenmarke. Floriginals\u00ae bietet eine aktuelle und saisonale Auswahl an Schnittblumen von bester Qualit\u00e4t, mit optimaler Frische und sehr guter Haltbarkeit in der Vase. Dar\u00fcber hinaus bietet Floriginals\u00ae die Sicherheit, dass die Schnittblumen mit Respekt f\u00fcr Mensch und Umwelt geliefert werden. Die Schnittblumen von Floriginals\u00ae sehen genauso hochwertig aus [&hellip;]<\/p>\n","protected":false},"author":1,"featured_media":0,"parent":0,"menu_order":0,"comment_status":"closed","ping_status":"closed","template":"elementor_header_footer","meta":{"footnotes":""},"class_list":["post-1020","page","type-page","status-publish","hentry"],"yoast_head":"<!-- This site is optimized with the Yoast SEO plugin v27.4 - https:\/\/yoast.com\/product\/yoast-seo-wordpress\/ -->\n<title>Floriginals - Gedi<\/title>\n<meta name=\"robots\" content=\"index, follow, max-snippet:-1, max-image-preview:large, max-video-preview:-1\" \/>\n<link rel=\"canonical\" href=\"https:\/\/gedi.nl\/de\/floriginals\/\" \/>\n<meta property=\"og:locale\" content=\"de_DE\" \/>\n<meta property=\"og:type\" content=\"article\" \/>\n<meta property=\"og:title\" content=\"Floriginals - Gedi\" \/>\n<meta property=\"og:description\" content=\"Floriginals\u00ae DIE SCH\u00d6NSTEN BLUMEN! Floriginals\u00ae ist unsere Premium-Schnittblumenmarke. Floriginals\u00ae bietet eine aktuelle und saisonale Auswahl an Schnittblumen von bester Qualit\u00e4t, mit optimaler Frische und sehr guter Haltbarkeit in der Vase. Dar\u00fcber hinaus bietet Floriginals\u00ae die Sicherheit, dass die Schnittblumen mit Respekt f\u00fcr Mensch und Umwelt geliefert werden. Die Schnittblumen von Floriginals\u00ae sehen genauso hochwertig aus [&hellip;]\" \/>\n<meta property=\"og:url\" content=\"https:\/\/gedi.nl\/de\/floriginals\/\" \/>\n<meta property=\"og:site_name\" content=\"Gedi\" \/>\n<meta property=\"article:modified_time\" content=\"2023-07-12T07:22:20+00:00\" \/>\n<meta name=\"twitter:card\" content=\"summary_large_image\" \/>\n<meta name=\"twitter:label1\" content=\"Gesch\u00e4tzte Lesezeit\" \/>\n\t<meta name=\"twitter:data1\" content=\"1\u00a0Minute\" \/>\n<script type=\"application\/ld+json\" class=\"yoast-schema-graph\">{\"@context\":\"https:\\\/\\\/schema.org\",\"@graph\":[{\"@type\":\"WebPage\",\"@id\":\"https:\\\/\\\/gedi.nl\\\/de\\\/floriginals\\\/\",\"url\":\"https:\\\/\\\/gedi.nl\\\/de\\\/floriginals\\\/\",\"name\":\"Floriginals - Gedi\",\"isPartOf\":{\"@id\":\"https:\\\/\\\/gedi.nl\\\/#website\"},\"datePublished\":\"2023-05-04T14:47:23+00:00\",\"dateModified\":\"2023-07-12T07:22:20+00:00\",\"breadcrumb\":{\"@id\":\"https:\\\/\\\/gedi.nl\\\/de\\\/floriginals\\\/#breadcrumb\"},\"inLanguage\":\"de\",\"potentialAction\":[{\"@type\":\"ReadAction\",\"target\":[\"https:\\\/\\\/gedi.nl\\\/de\\\/floriginals\\\/\"]}]},{\"@type\":\"BreadcrumbList\",\"@id\":\"https:\\\/\\\/gedi.nl\\\/de\\\/floriginals\\\/#breadcrumb\",\"itemListElement\":[{\"@type\":\"ListItem\",\"position\":1,\"name\":\"Home\",\"item\":\"https:\\\/\\\/gedi.nl\\\/de\\\/\"},{\"@type\":\"ListItem\",\"position\":2,\"name\":\"Floriginals\"}]},{\"@type\":\"WebSite\",\"@id\":\"https:\\\/\\\/gedi.nl\\\/#website\",\"url\":\"https:\\\/\\\/gedi.nl\\\/\",\"name\":\"Gedi\",\"description\":\"Gedi Flowers and More\",\"publisher\":{\"@id\":\"https:\\\/\\\/gedi.nl\\\/#organization\"},\"potentialAction\":[{\"@type\":\"SearchAction\",\"target\":{\"@type\":\"EntryPoint\",\"urlTemplate\":\"https:\\\/\\\/gedi.nl\\\/?s={search_term_string}\"},\"query-input\":{\"@type\":\"PropertyValueSpecification\",\"valueRequired\":true,\"valueName\":\"search_term_string\"}}],\"inLanguage\":\"de\"},{\"@type\":\"Organization\",\"@id\":\"https:\\\/\\\/gedi.nl\\\/#organization\",\"name\":\"Gedi\",\"url\":\"https:\\\/\\\/gedi.nl\\\/\",\"logo\":{\"@type\":\"ImageObject\",\"inLanguage\":\"de\",\"@id\":\"https:\\\/\\\/gedi.nl\\\/#\\\/schema\\\/logo\\\/image\\\/\",\"url\":\"https:\\\/\\\/gedi.nl\\\/wp-content\\\/uploads\\\/2026\\\/03\\\/Gedi-Logo-2012-nieuw-scaled.png\",\"contentUrl\":\"https:\\\/\\\/gedi.nl\\\/wp-content\\\/uploads\\\/2026\\\/03\\\/Gedi-Logo-2012-nieuw-scaled.png\",\"width\":2560,\"height\":1125,\"caption\":\"Gedi\"},\"image\":{\"@id\":\"https:\\\/\\\/gedi.nl\\\/#\\\/schema\\\/logo\\\/image\\\/\"}}]}<\/script>\n<!-- \/ Yoast SEO plugin. -->","yoast_head_json":{"title":"Floriginals - Gedi","robots":{"index":"index","follow":"follow","max-snippet":"max-snippet:-1","max-image-preview":"max-image-preview:large","max-video-preview":"max-video-preview:-1"},"canonical":"https:\/\/gedi.nl\/de\/floriginals\/","og_locale":"de_DE","og_type":"article","og_title":"Floriginals - Gedi","og_description":"Floriginals\u00ae DIE SCH\u00d6NSTEN BLUMEN! Floriginals\u00ae ist unsere Premium-Schnittblumenmarke. Floriginals\u00ae bietet eine aktuelle und saisonale Auswahl an Schnittblumen von bester Qualit\u00e4t, mit optimaler Frische und sehr guter Haltbarkeit in der Vase. Dar\u00fcber hinaus bietet Floriginals\u00ae die Sicherheit, dass die Schnittblumen mit Respekt f\u00fcr Mensch und Umwelt geliefert werden. Die Schnittblumen von Floriginals\u00ae sehen genauso hochwertig aus [&hellip;]","og_url":"https:\/\/gedi.nl\/de\/floriginals\/","og_site_name":"Gedi","article_modified_time":"2023-07-12T07:22:20+00:00","twitter_card":"summary_large_image","twitter_misc":{"Gesch\u00e4tzte Lesezeit":"1\u00a0Minute"},"schema":{"@context":"https:\/\/schema.org","@graph":[{"@type":"WebPage","@id":"https:\/\/gedi.nl\/de\/floriginals\/","url":"https:\/\/gedi.nl\/de\/floriginals\/","name":"Floriginals - Gedi","isPartOf":{"@id":"https:\/\/gedi.nl\/#website"},"datePublished":"2023-05-04T14:47:23+00:00","dateModified":"2023-07-12T07:22:20+00:00","breadcrumb":{"@id":"https:\/\/gedi.nl\/de\/floriginals\/#breadcrumb"},"inLanguage":"de","potentialAction":[{"@type":"ReadAction","target":["https:\/\/gedi.nl\/de\/floriginals\/"]}]},{"@type":"BreadcrumbList","@id":"https:\/\/gedi.nl\/de\/floriginals\/#breadcrumb","itemListElement":[{"@type":"ListItem","position":1,"name":"Home","item":"https:\/\/gedi.nl\/de\/"},{"@type":"ListItem","position":2,"name":"Floriginals"}]},{"@type":"WebSite","@id":"https:\/\/gedi.nl\/#website","url":"https:\/\/gedi.nl\/","name":"Gedi","description":"Gedi Flowers and More","publisher":{"@id":"https:\/\/gedi.nl\/#organization"},"potentialAction":[{"@type":"SearchAction","target":{"@type":"EntryPoint","urlTemplate":"https:\/\/gedi.nl\/?s={search_term_string}"},"query-input":{"@type":"PropertyValueSpecification","valueRequired":true,"valueName":"search_term_string"}}],"inLanguage":"de"},{"@type":"Organization","@id":"https:\/\/gedi.nl\/#organization","name":"Gedi","url":"https:\/\/gedi.nl\/","logo":{"@type":"ImageObject","inLanguage":"de","@id":"https:\/\/gedi.nl\/#\/schema\/logo\/image\/","url":"https:\/\/gedi.nl\/wp-content\/uploads\/2026\/03\/Gedi-Logo-2012-nieuw-scaled.png","contentUrl":"https:\/\/gedi.nl\/wp-content\/uploads\/2026\/03\/Gedi-Logo-2012-nieuw-scaled.png","width":2560,"height":1125,"caption":"Gedi"},"image":{"@id":"https:\/\/gedi.nl\/#\/schema\/logo\/image\/"}}]}},"_links":{"self":[{"href":"https:\/\/gedi.nl\/de\/wp-json\/wp\/v2\/pages\/1020","targetHints":{"allow":["GET"]}}],"collection":[{"href":"https:\/\/gedi.nl\/de\/wp-json\/wp\/v2\/pages"}],"about":[{"href":"https:\/\/gedi.nl\/de\/wp-json\/wp\/v2\/types\/page"}],"author":[{"embeddable":true,"href":"https:\/\/gedi.nl\/de\/wp-json\/wp\/v2\/users\/1"}],"replies":[{"embeddable":true,"href":"https:\/\/gedi.nl\/de\/wp-json\/wp\/v2\/comments?post=1020"}],"version-history":[{"count":10,"href":"https:\/\/gedi.nl\/de\/wp-json\/wp\/v2\/pages\/1020\/revisions"}],"predecessor-version":[{"id":1369,"href":"https:\/\/gedi.nl\/de\/wp-json\/wp\/v2\/pages\/1020\/revisions\/1369"}],"wp:attachment":[{"href":"https:\/\/gedi.nl\/de\/wp-json\/wp\/v2\/media?parent=1020"}],"curies":[{"name":"wp","href":"https:\/\/api.w.org\/{rel}","templated":true}]}}